{"id":15518,"date":"2025-06-28T08:20:32","date_gmt":"2025-06-28T08:20:32","guid":{"rendered":"https:\/\/odaimos.mtsdevelopers.com\/villkor-for-tjansten\/"},"modified":"2025-08-13T10:17:01","modified_gmt":"2025-08-13T10:17:01","slug":"villkor-for-tjansten","status":"publish","type":"page","link":"https:\/\/odaimos.mtsdevelopers.com\/sv\/villkor-for-tjansten\/","title":{"rendered":"Villkor f\u00f6r tj\u00e4nsten"},"content":{"rendered":"\n<div class=\"wp-block-group alignfull has-background-background-color has-background\" style=\"margin-top:0;margin-bottom:0;padding-top:var(--wp--preset--spacing--60);padding-right:var(--wp--preset--spacing--30);padding-bottom:var(--wp--preset--spacing--60);padding-left:var(--wp--preset--spacing--30)\"><div class=\"wp-block-group__inner-container is-layout-constrained wp-container-core-group-is-layout-512a02c9 wp-block-group-is-layout-constrained\">\n<h2 class=\"wp-block-heading has-text-align-center has-large-font-size\">F\u00f6rst\u00e5 de villkor som styr din anv\u00e4ndning av denna webbplats<\/h2>\n\n\n\n<p class=\"has-text-align-center\" style=\"margin-top:16px\">P\u00e5 den h\u00e4r sidan beskrivs de villkor som g\u00e4ller f\u00f6r anv\u00e4ndningen av webbplatsen, vilket s\u00e4kerst\u00e4ller tydlighet och \u00f6msesidig f\u00f6rst\u00e5else mellan plattformen och dess anv\u00e4ndare.<\/p>\n\n\n<div class=\"wp-block-image extendify-image-import is-style-default\">\n<figure class=\"aligncenter size-large\"><img decoding=\"async\" src=\"https:\/\/images.unsplash.com\/photo-1637763723578-79a4ca9225f7?ixid=M3w0MzUxNjF8MHwxfHNlYXJjaHwxfHxsZWdhbCUyMGFncmVlbWVudHxlbnwwfHx8fDE3NTEwMjk3MjZ8MA&amp;ixlib=rb-4.1.0&amp;orientation=landscape?fit=crop&amp;crop=entropy%2Cfaces&amp;auto=format%2Ccompress&amp;w=1280\" alt=\"\" style=\"aspect-ratio:16\/9;object-fit:cover\"\/><\/figure><\/div><\/div><\/div>\n\n<div class=\"wp-block-group alignfull has-tertiary-background-color has-background\" style=\"margin-top:0;margin-bottom:0;padding-top:var(--wp--preset--spacing--60);padding-right:var(--wp--preset--spacing--30);padding-bottom:var(--wp--preset--spacing--60);padding-left:var(--wp--preset--spacing--30)\"><div class=\"wp-block-group__inner-container is-layout-constrained wp-container-core-group-is-layout-392eb801 wp-block-group-is-layout-constrained\">\n<div class=\"wp-block-group alignwide is-content-justification-center\" style=\"margin-bottom:var(--wp--preset--spacing--30)\"><div class=\"wp-block-group__inner-container is-layout-constrained wp-block-group-is-layout-constrained\">\n<h2 class=\"wp-block-heading has-text-align-center has-large-font-size\">Vilka \u00e4r villkoren f\u00f6r att anv\u00e4nda den h\u00e4r webbplatsen?<\/h2>\n\n\n\n<p class=\"has-text-align-center\" style=\"margin-top:16px\">I detta avsnitt klarg\u00f6rs viktiga villkor f\u00f6r att s\u00e4kerst\u00e4lla att anv\u00e4ndarna f\u00f6rst\u00e5r sina r\u00e4ttigheter och skyldigheter n\u00e4r de anv\u00e4nder v\u00e5r plattform.<\/p>\n<\/div><\/div>\n\n\n\n<div class=\"wp-block-group\" style=\"border-bottom-color:var(--wp--preset--color--tertiary);border-bottom-width:1px;margin-top:0;padding-top:var(--wp--preset--spacing--30);padding-bottom:var(--wp--preset--spacing--30)\"><div class=\"wp-block-group__inner-container is-layout-constrained wp-block-group-is-layout-constrained\">\n<h4 class=\"wp-block-heading has-medium-font-size\">Vem har tillg\u00e5ng till och kan anv\u00e4nda denna webbplats?<\/h4>\n\n\n\n<p class=\"has-small-font-size\" style=\"margin-top:12px\">Tillg\u00e5ng ges till anv\u00e4ndare som samtycker till att f\u00f6lja v\u00e5ra villkor och till\u00e4mpliga lagar.<\/p>\n<\/div><\/div>\n\n\n\n<div class=\"wp-block-group\" style=\"border-bottom-color:var(--wp--preset--color--tertiary);border-bottom-width:1px;margin-top:0;padding-top:var(--wp--preset--spacing--30);padding-bottom:var(--wp--preset--spacing--30)\"><div class=\"wp-block-group__inner-container is-layout-constrained wp-block-group-is-layout-constrained\">\n<h4 class=\"wp-block-heading has-medium-font-size\">Hur hanteras anv\u00e4ndardata p\u00e5 den h\u00e4r webbplatsen?<\/h4>\n\n\n\n<p class=\"has-small-font-size\" style=\"margin-top:12px\">Vi samlar in och skyddar personlig information i enlighet med v\u00e5r integritetspolicy.<\/p>\n<\/div><\/div>\n\n\n\n<div class=\"wp-block-group\" style=\"border-bottom-color:var(--wp--preset--color--tertiary);border-bottom-width:1px;margin-top:0;padding-top:var(--wp--preset--spacing--30);padding-bottom:var(--wp--preset--spacing--30)\"><div class=\"wp-block-group__inner-container is-layout-constrained wp-block-group-is-layout-constrained\">\n<h4 class=\"wp-block-heading has-medium-font-size\">Vilka \u00e4r begr\u00e4nsningarna f\u00f6r anv\u00e4ndning av inneh\u00e5ll?<\/h4>\n\n\n\n<p class=\"has-small-font-size\" style=\"margin-top:12px\">Inneh\u00e5llet \u00e4r endast avsett f\u00f6r personligt bruk och f\u00e5r inte reproduceras utan tillst\u00e5nd.<\/p>\n<\/div><\/div>\n\n\n\n<div class=\"wp-block-group\" style=\"margin-top:0;padding-top:var(--wp--preset--spacing--30);padding-bottom:0\"><div class=\"wp-block-group__inner-container is-layout-constrained wp-block-group-is-layout-constrained\">\n<h4 class=\"wp-block-heading has-medium-font-size\">Hur kan anv\u00e4ndare avsluta sitt konto?<\/h4>\n\n\n\n<p class=\"has-small-font-size\" style=\"margin-top:12px\">Anv\u00e4ndare kan n\u00e4r som helst inaktivera sina konton genom att f\u00f6lja de beskrivna procedurerna.<\/p>\n<\/div><\/div>\n<\/div><\/div>\n\n<div class=\"wp-block-group alignfull has-background-background-color has-background\" style=\"margin-top:0;margin-bottom:0;padding-top:var(--wp--preset--spacing--60);padding-right:var(--wp--preset--spacing--30);padding-bottom:var(--wp--preset--spacing--60);padding-left:var(--wp--preset--spacing--30)\"><div class=\"wp-block-group__inner-container is-layout-constrained wp-container-core-group-is-layout-392eb801 wp-block-group-is-layout-constrained\">\n<div class=\"wp-block-group alignwide is-vertical is-layout-flex wp-container-core-group-is-layout-8cf370e7 wp-block-group-is-layout-flex\">\n<div class=\"wp-block-group alignwide is-content-justification-left\"><div class=\"wp-block-group__inner-container is-layout-constrained wp-container-core-group-is-layout-eded1d97 wp-block-group-is-layout-constrained\">\n<h2 class=\"wp-block-heading has-large-font-size\">Avtal om villkor f\u00f6r tj\u00e4nster<\/h2>\n\n\n\n<p style=\"margin-top:16px\">P\u00e5 den h\u00e4r sidan beskrivs de villkor som g\u00e4ller f\u00f6r anv\u00e4ndningen av webbplatsen, vilket s\u00e4kerst\u00e4ller tydlighet och \u00f6msesidig f\u00f6rst\u00e5else mellan plattformen och dess anv\u00e4ndare.<\/p>\n<\/div><\/div>\n<\/div>\n\n\n\n<div class=\"wp-block-columns alignwide is-layout-flex wp-container-core-columns-is-layout-54975717 wp-block-columns-is-layout-flex\">\n<div class=\"wp-block-column is-layout-flow wp-block-column-is-layout-flow\">\n<div class=\"wp-block-group has-tertiary-background-color has-background\" style=\"border-radius:4px;min-height:100%;padding-top:var(--wp--preset--spacing--30);padding-right:var(--wp--preset--spacing--30);padding-bottom:var(--wp--preset--spacing--30);padding-left:var(--wp--preset--spacing--30)\"><div class=\"wp-block-group__inner-container is-layout-constrained wp-container-core-group-is-layout-0cc5ead4 wp-block-group-is-layout-constrained\">\n<figure class=\"wp-block-image size-large ext-aspect-landscape extendify-image-import wp-duotone-varpresetduotoneprimary-foreground-1\"><img decoding=\"async\" src=\"data:image\/svg+xml;base64,PHN2ZyB4bWxucz0iaHR0cDovL3d3dy53My5vcmcvMjAwMC9zdmciIHdpZHRoPSI0OCIgaGVpZ2h0PSI0OCIgZmlsbD0ibm9uZSIgdmlld0JveD0iMCAwIDQ4IDQ4Ij48bWFzayBpZD0iYSIgd2lkdGg9IjQ4IiBoZWlnaHQ9IjQ4IiB4PSIwIiB5PSIwIiBtYXNrVW5pdHM9InVzZXJTcGFjZU9uVXNlIiBzdHlsZT0ibWFzay10eXBlOmFscGhhIj48cGF0aCBmaWxsPSIjRDlEOUQ5IiBkPSJNMCAwaDQ4djQ4SDB6Ii8+PC9tYXNrPjxnIG1hc2s9InVybCgjYSkiPjxwYXRoIGZpbGw9IiMxQzFCMUYiIGQ9Ik0xNS45NSAzNS41aDE2LjF2LTNoLTE2LjF2M1ptMC04LjVoMTYuMXYtM2gtMTYuMXYzWk0xMSA0NGMtLjggMC0xLjUtLjMtMi4xLS45LS42LS42LS45LTEuMy0uOS0yLjFWN2MwLS44LjMtMS41LjktMi4xLjYtLjYgMS4zLS45IDIuMS0uOWgxOC4wNUw0MCAxNC45NVY0MWMwIC44LS4zIDEuNS0uOSAyLjEtLjYuNi0xLjMuOS0yLjEuOUgxMVptMTYuNTUtMjcuN1Y3SDExdjM0aDI2VjE2LjNoLTkuNDVaIi8+PC9nPjwvc3ZnPg==\" alt=\"\"\/><\/figure>\n\n\n\n<h3 class=\"wp-block-heading\" style=\"margin-top:24px;font-size:20px;line-height:1.5\">Anv\u00e4ndarens ansvarsomr\u00e5den<\/h3>\n\n\n\n<p class=\"has-small-font-size\" style=\"margin-top:8px\">F\u00f6rst\u00e5 dina skyldigheter och hur du anv\u00e4nder v\u00e5ra tj\u00e4nster p\u00e5 ett ansvarsfullt s\u00e4tt.<\/p>\n\n\n\n<div class=\"wp-block-buttons is-content-justification-left is-layout-flex wp-container-core-buttons-is-layout-fdcfc74e wp-block-buttons-is-layout-flex\">\n<div class=\"wp-block-button\"><a class=\"wp-block-button__link has-small-font-size has-custom-font-size wp-element-button\" href=\"#\">L\u00e4s detaljer<\/a><\/div>\n<\/div>\n<\/div><\/div>\n<\/div>\n\n\n\n<div class=\"wp-block-column is-layout-flow wp-block-column-is-layout-flow\">\n<div class=\"wp-block-group has-tertiary-background-color has-background\" style=\"border-radius:4px;min-height:100%;padding-top:var(--wp--preset--spacing--30);padding-right:var(--wp--preset--spacing--30);padding-bottom:var(--wp--preset--spacing--30);padding-left:var(--wp--preset--spacing--30)\"><div class=\"wp-block-group__inner-container is-layout-constrained wp-container-core-group-is-layout-0cc5ead4 wp-block-group-is-layout-constrained\">\n<figure class=\"wp-block-image size-large ext-aspect-landscape extendify-image-import wp-duotone-varpresetduotoneprimary-foreground-2\"><img decoding=\"async\" src=\"data:image\/svg+xml;base64,PHN2ZyB4bWxucz0iaHR0cDovL3d3dy53My5vcmcvMjAwMC9zdmciIHdpZHRoPSI0OCIgaGVpZ2h0PSI0OCIgZmlsbD0ibm9uZSIgdmlld0JveD0iMCAwIDQ4IDQ4Ij48bWFzayBpZD0iYSIgd2lkdGg9IjQ4IiBoZWlnaHQ9IjQ4IiB4PSIwIiB5PSIwIiBtYXNrVW5pdHM9InVzZXJTcGFjZU9uVXNlIiBzdHlsZT0ibWFzay10eXBlOmFscGhhIj48cGF0aCBmaWxsPSIjRDlEOUQ5IiBkPSJNMCAwaDQ4djQ4SDB6Ii8+PC9tYXNrPjxnIG1hc2s9InVybCgjYSkiPjxwYXRoIGZpbGw9IiMxQzFCMUYiIGQ9Ik0xNS45NSAzNS41aDE2LjF2LTNoLTE2LjF2M1ptMC04LjVoMTYuMXYtM2gtMTYuMXYzWk0xMSA0NGMtLjggMC0xLjUtLjMtMi4xLS45LS42LS42LS45LTEuMy0uOS0yLjFWN2MwLS44LjMtMS41LjktMi4xLjYtLjYgMS4zLS45IDIuMS0uOWgxOC4wNUw0MCAxNC45NVY0MWMwIC44LS4zIDEuNS0uOSAyLjEtLjYuNi0xLjMuOS0yLjEuOUgxMVptMTYuNTUtMjcuN1Y3SDExdjM0aDI2VjE2LjNoLTkuNDVaIi8+PC9nPjwvc3ZnPg==\" alt=\"\"\/><\/figure>\n\n\n\n<h3 class=\"wp-block-heading\" style=\"margin-top:24px;font-size:20px;line-height:1.5\">Immateriella r\u00e4ttigheter<\/h3>\n\n\n\n<p class=\"has-small-font-size\" style=\"margin-top:8px\">L\u00e4s om \u00e4gander\u00e4tt och begr\u00e4nsningar som g\u00e4ller webbplatsens inneh\u00e5ll.<\/p>\n\n\n\n<div class=\"wp-block-buttons is-content-justification-left is-layout-flex wp-container-core-buttons-is-layout-fdcfc74e wp-block-buttons-is-layout-flex\">\n<div class=\"wp-block-button\"><a class=\"wp-block-button__link has-small-font-size has-custom-font-size wp-element-button\" href=\"#\">L\u00e4s detaljer<\/a><\/div>\n<\/div>\n<\/div><\/div>\n<\/div>\n\n\n\n<div class=\"wp-block-column is-layout-flow wp-block-column-is-layout-flow\">\n<div class=\"wp-block-group has-tertiary-background-color has-background\" style=\"border-radius:4px;min-height:100%;padding-top:var(--wp--preset--spacing--30);padding-right:var(--wp--preset--spacing--30);padding-bottom:var(--wp--preset--spacing--30);padding-left:var(--wp--preset--spacing--30)\"><div class=\"wp-block-group__inner-container is-layout-constrained wp-container-core-group-is-layout-0cc5ead4 wp-block-group-is-layout-constrained\">\n<figure class=\"wp-block-image size-large ext-aspect-landscape extendify-image-import wp-duotone-varpresetduotoneprimary-foreground-3\"><img decoding=\"async\" src=\"data:image\/svg+xml;base64,PHN2ZyB4bWxucz0iaHR0cDovL3d3dy53My5vcmcvMjAwMC9zdmciIHdpZHRoPSI0OCIgaGVpZ2h0PSI0OCIgZmlsbD0ibm9uZSIgdmlld0JveD0iMCAwIDQ4IDQ4Ij48bWFzayBpZD0iYSIgd2lkdGg9IjQ4IiBoZWlnaHQ9IjQ4IiB4PSIwIiB5PSIwIiBtYXNrVW5pdHM9InVzZXJTcGFjZU9uVXNlIiBzdHlsZT0ibWFzay10eXBlOmFscGhhIj48cGF0aCBmaWxsPSIjRDlEOUQ5IiBkPSJNMCAwaDQ4djQ4SDB6Ii8+PC9tYXNrPjxnIG1hc2s9InVybCgjYSkiPjxwYXRoIGZpbGw9IiMxQzFCMUYiIGQ9Ik0xNS45NSAzNS41aDE2LjF2LTNoLTE2LjF2M1ptMC04LjVoMTYuMXYtM2gtMTYuMXYzWk0xMSA0NGMtLjggMC0xLjUtLjMtMi4xLS45LS42LS42LS45LTEuMy0uOS0yLjFWN2MwLS44LjMtMS41LjktMi4xLjYtLjYgMS4zLS45IDIuMS0uOWgxOC4wNUw0MCAxNC45NVY0MWMwIC44LS4zIDEuNS0uOSAyLjEtLjYuNi0xLjMuOS0yLjEuOUgxMVptMTYuNTUtMjcuN1Y3SDExdjM0aDI2VjE2LjNoLTkuNDVaIi8+PC9nPjwvc3ZnPg==\" alt=\"\"\/><\/figure>\n\n\n\n<h3 class=\"wp-block-heading\" style=\"margin-top:24px;font-size:20px;line-height:1.5\">Integritetspolicy<\/h3>\n\n\n\n<p class=\"has-small-font-size\" style=\"margin-top:8px\">Granska hur dina uppgifter samlas in, anv\u00e4nds och skyddas p\u00e5 v\u00e5r plattform.<\/p>\n\n\n\n<div class=\"wp-block-buttons is-content-justification-left is-layout-flex wp-container-core-buttons-is-layout-fdcfc74e wp-block-buttons-is-layout-flex\">\n<div class=\"wp-block-button\"><a class=\"wp-block-button__link has-small-font-size has-custom-font-size wp-element-button\" href=\"#\">L\u00e4s detaljer<\/a><\/div>\n<\/div>\n<\/div><\/div>\n<\/div>\n<\/div>\n<\/div><\/div>\n\n<div class=\"wp-block-group alignfull has-tertiary-background-color has-background\" style=\"margin-top:0;margin-bottom:0;padding-top:var(--wp--preset--spacing--60);padding-right:var(--wp--preset--spacing--30);padding-bottom:var(--wp--preset--spacing--60);padding-left:var(--wp--preset--spacing--30)\"><div class=\"wp-block-group__inner-container is-layout-constrained wp-container-core-group-is-layout-392eb801 wp-block-group-is-layout-constrained\">\n<div class=\"wp-block-group alignwide has-background-background-color has-background is-content-justification-space-between is-layout-flex wp-container-core-group-is-layout-1614da31 wp-block-group-is-layout-flex\" style=\"padding-top:var(--wp--preset--spacing--50);padding-right:var(--wp--preset--spacing--50);padding-bottom:var(--wp--preset--spacing--50);padding-left:var(--wp--preset--spacing--50)\">\n<div class=\"wp-block-group\"><div class=\"wp-block-group__inner-container is-layout-constrained wp-block-group-is-layout-constrained\">\n<h2 class=\"wp-block-heading has-large-font-size\">L\u00e4s v\u00e5ra anv\u00e4ndarvillkor<\/h2>\n\n\n\n<p style=\"margin-top:16px\">P\u00e5 den h\u00e4r sidan beskrivs de villkor som g\u00e4ller f\u00f6r anv\u00e4ndningen av webbplatsen, vilket s\u00e4kerst\u00e4ller tydlighet och \u00f6msesidig f\u00f6rst\u00e5else mellan plattformen och dess anv\u00e4ndare.<\/p>\n<\/div><\/div>\n\n\n\n<div class=\"wp-block-buttons is-content-justification-left is-layout-flex wp-container-core-buttons-is-layout-0934dcb1 wp-block-buttons-is-layout-flex\">\n<div class=\"wp-block-button\"><a class=\"wp-block-button__link wp-element-button\" href=\"#\">\u00d6versikt \u00f6ver villkor<\/a><\/div>\n<\/div>\n<\/div>\n<\/div><\/div>\n","protected":false},"excerpt":{"rendered":"<p>F\u00f6rst\u00e5 de villkor som styr din anv\u00e4ndning av denna webbplats P\u00e5 den h\u00e4r sidan beskrivs de villkor som g\u00e4ller f\u00f6r anv\u00e4ndningen av webbplatsen, vilket s\u00e4kerst\u00e4ller tydlighet och \u00f6msesidig f\u00f6rst\u00e5else mellan plattformen och dess anv\u00e4ndare. Vilka \u00e4r villkoren f\u00f6r att anv\u00e4nda den h\u00e4r webbplatsen? I detta avsnitt klarg\u00f6rs viktiga villkor f\u00f6r att s\u00e4kerst\u00e4lla att anv\u00e4ndarna f\u00f6rst\u00e5r [&hellip;]<\/p>\n","protected":false},"author":1,"featured_media":0,"parent":0,"menu_order":0,"comment_status":"closed","ping_status":"closed","template":"","meta":{"footnotes":""},"class_list":["post-15518","page","type-page","status-publish","has-post-thumbnail","hentry"],"ams_acf":[],"_links":{"self":[{"href":"https:\/\/odaimos.mtsdevelopers.com\/sv\/wp-json\/wp\/v2\/pages\/15518","targetHints":{"allow":["GET"]}}],"collection":[{"href":"https:\/\/odaimos.mtsdevelopers.com\/sv\/wp-json\/wp\/v2\/pages"}],"about":[{"href":"https:\/\/odaimos.mtsdevelopers.com\/sv\/wp-json\/wp\/v2\/types\/page"}],"author":[{"embeddable":true,"href":"https:\/\/odaimos.mtsdevelopers.com\/sv\/wp-json\/wp\/v2\/users\/1"}],"replies":[{"embeddable":true,"href":"https:\/\/odaimos.mtsdevelopers.com\/sv\/wp-json\/wp\/v2\/comments?post=15518"}],"version-history":[{"count":0,"href":"https:\/\/odaimos.mtsdevelopers.com\/sv\/wp-json\/wp\/v2\/pages\/15518\/revisions"}],"wp:attachment":[{"href":"https:\/\/odaimos.mtsdevelopers.com\/sv\/wp-json\/wp\/v2\/media?parent=15518"}],"curies":[{"name":"wp","href":"https:\/\/api.w.org\/{rel}","templated":true}]}}