{"id":15352,"date":"2022-04-16T23:51:28","date_gmt":"2022-04-16T23:51:28","guid":{"rendered":"https:\/\/odaimos.mtsdevelopers.com\/om\/"},"modified":"2025-08-13T10:15:27","modified_gmt":"2025-08-13T10:15:27","slug":"om","status":"publish","type":"page","link":"https:\/\/odaimos.mtsdevelopers.com\/sv\/om\/","title":{"rendered":"Om"},"content":{"rendered":"\t\t<div data-elementor-type=\"wp-page\" data-elementor-id=\"15352\" class=\"elementor elementor-15352 elementor-807\">\n\t\t\t\t\t\t<section class=\"elementor-section elementor-top-section elementor-element elementor-element-1e2f5304 elementor-section-boxed elementor-section-height-default elementor-section-height-default\" data-id=\"1e2f5304\" data-element_type=\"section\">\n\t\t\t\t\t\t<div class=\"elementor-container elementor-column-gap-default\">\n\t\t\t\t\t<div class=\"elementor-column elementor-col-100 elementor-top-column elementor-element elementor-element-6aae9b20\" data-id=\"6aae9b20\" data-element_type=\"column\">\n\t\t\t<div class=\"elementor-widget-wrap elementor-element-populated\">\n\t\t\t\t\t\t<div class=\"elementor-element elementor-element-4bbaade elementor-widget elementor-widget-heading\" data-id=\"4bbaade\" data-element_type=\"widget\" data-widget_type=\"heading.default\">\n\t\t\t\t<div class=\"elementor-widget-container\">\n\t\t\t\t\t<h2 class=\"elementor-heading-title elementor-size-default\">Om f\u00f6retaget<\/h2>\t\t\t\t<\/div>\n\t\t\t\t<\/div>\n\t\t\t\t<div class=\"elementor-element elementor-element-2eecd387 elementor-widget elementor-widget-heading\" data-id=\"2eecd387\" data-element_type=\"widget\" data-widget_type=\"heading.default\">\n\t\t\t\t<div class=\"elementor-widget-container\">\n\t\t\t\t\t<h2 class=\"elementor-heading-title elementor-size-default\"><p>Skylinetrip \u00e4r den fr\u00e4msta onlinebokningsplattformen f\u00f6r reseupplevelser i hela arabv\u00e4rlden. Som en omfattande resemarknadsplats sammanf\u00f6r vi resen\u00e4rer med de finaste hotellen, autentiska turer, sp\u00e4nnande aktiviteter, biluthyrning och p\u00e5litliga transfertj\u00e4nster i hela arabregionen.<\/p><p>\n<\/p><p>V\u00e5r plattform \u00e4r s\u00e4rskilt utformad f\u00f6r att visa upp den unika m\u00e5ngfalden och det rika arvet av arabisk kultur, historia och legendarisk g\u00e4stfrihet. Fr\u00e5n Dubais glittrande skyline och de antika underverken i Syriens historiska st\u00e4der, till de majest\u00e4tiska pyramiderna i Egypten, den rosenr\u00f6da staden Petra i Jordanien, \u00f6ken\u00e4ventyren i Saudiarabien, cederbergen i Libanon, soukerna i Marocko, de arkeologiska skatterna i Irak och de or\u00f6rda str\u00e4nderna i Tunisien - Skylinetrip erbjuder allt du beh\u00f6ver f\u00f6r en of\u00f6rgl\u00f6mlig resa.<\/p><p>\n<\/p><p>Vi hj\u00e4lper resen\u00e4rer som s\u00f6ker autentiska upplevelser i Mellan\u00f6stern och Nordafrika, inklusive F\u00f6renade Arabemiraten, Saudiarabien, Jordanien, Egypten, Libanon, Syrien, Irak, Marocko, Tunisien, Algeriet, Libyen, Jemen, Oman, Qatar, Bahrain, Kuwait, Palestina och Sudan. Varje destination erbjuder sin egen unika blandning av gammal historia, levande kultur, fantastiska landskap och varm g\u00e4stfrihet.<\/p><p>\n<\/p><p>Med djup f\u00f6rst\u00e5else f\u00f6r lokala seder och ett omfattande n\u00e4tverk av betrodda partners erbjuder vi v\u00e5ra kunder inte bara bokningstj\u00e4nster, utan \u00e4kta reseupplevelser som f\u00e5ngar arabv\u00e4rldens hj\u00e4rta och sj\u00e4l.<\/p><\/h2>\t\t\t\t<\/div>\n\t\t\t\t<\/div>\n\t\t\t\t\t<\/div>\n\t\t<\/div>\n\t\t\t\t\t<\/div>\n\t\t<\/section>\n\t\t\t\t<section class=\"elementor-section elementor-top-section elementor-element elementor-element-6a5a94e3 elementor-section-boxed elementor-section-height-default elementor-section-height-default\" data-id=\"6a5a94e3\" data-element_type=\"section\">\n\t\t\t\t\t\t<div class=\"elementor-container elementor-column-gap-default\">\n\t\t\t\t\t<div class=\"elementor-column elementor-col-50 elementor-top-column elementor-element elementor-element-52410987\" data-id=\"52410987\" data-element_type=\"column\">\n\t\t\t<div class=\"elementor-widget-wrap elementor-element-populated\">\n\t\t\t\t\t\t<div class=\"elementor-element elementor-element-54e053c2 elementor-widget elementor-widget-heading\" data-id=\"54e053c2\" data-element_type=\"widget\" data-widget_type=\"heading.default\">\n\t\t\t\t<div class=\"elementor-widget-container\">\n\t\t\t\t\t<h2 class=\"elementor-heading-title elementor-size-default\">V\u00e5rt uppdrag<\/h2>\t\t\t\t<\/div>\n\t\t\t\t<\/div>\n\t\t\t\t<div class=\"elementor-element elementor-element-363cb770 elementor-widget elementor-widget-heading\" data-id=\"363cb770\" data-element_type=\"widget\" data-widget_type=\"heading.default\">\n\t\t\t\t<div class=\"elementor-widget-container\">\n\t\t\t\t\t<h2 class=\"elementor-heading-title elementor-size-default\"><p class=\"whitespace-normal break-words\">P\u00e5 Skylinetrip \u00e4r v\u00e5rt uppdrag att l\u00e5sa upp d\u00f6rrarna till de fascinerande arabl\u00e4nderna och g\u00f6ra det m\u00f6jligt f\u00f6r alla resen\u00e4rer att uppleva den extraordin\u00e4ra sk\u00f6nheten, den rika kulturen och den legendariska g\u00e4stfriheten i denna anm\u00e4rkningsv\u00e4rda region.<\/p>\n<p class=\"whitespace-normal break-words\">Vi str\u00e4var efter att vara den ledande reseplattformen f\u00f6r arabv\u00e4rlden genom att:<\/p>\n<ul class=\"[&amp;:not(:last-child)_ul]:pb-1 [&amp;:not(:last-child)_ol]:pb-1 list-disc space-y-1.5 pl-7\">\n<li class=\"whitespace-normal break-words\"><strong>Skapa autentiska upplevelser<\/strong> som visar upp den sanna essensen av arabisk kultur och arabiskt kulturarv<\/li>\n<li class=\"whitespace-normal break-words\"><strong>Skapa s\u00f6ml\u00f6sa bokningsupplevelser<\/strong> som garanterar f\u00f6rtroende, s\u00e4kerhet och sinnesfrid<\/li>\n<li class=\"whitespace-normal break-words\"><strong>St\u00f6dja lokala samh\u00e4llen<\/strong> och fr\u00e4mja h\u00e5llbar och ansvarsfull turism<\/li>\n<li class=\"whitespace-normal break-words\"><strong>Bygga kulturella broar<\/strong> mellan resen\u00e4rer och de v\u00e4lkomnande m\u00e4nniskorna i arabv\u00e4rlden<\/li>\n<li class=\"whitespace-normal break-words\"><strong>Bevara<\/strong> och hylla de olika traditionerna, spr\u00e5ken och sederna i varje nation<\/li>\n<li class=\"whitespace-normal break-words\"><strong>G\u00f6r resandet tillg\u00e4ngligt<\/strong> f\u00f6r destinationer som ofta f\u00f6rbises av den vanliga turismen<\/li><\/ul><\/h2>\t\t\t\t<\/div>\n\t\t\t\t<\/div>\n\t\t\t\t\t<\/div>\n\t\t<\/div>\n\t\t\t\t<div class=\"elementor-column elementor-col-50 elementor-top-column elementor-element elementor-element-3acbe6d7\" data-id=\"3acbe6d7\" data-element_type=\"column\">\n\t\t\t<div class=\"elementor-widget-wrap elementor-element-populated\">\n\t\t\t\t\t\t<div class=\"elementor-element elementor-element-9492c90 elementor-widget elementor-widget-heading\" data-id=\"9492c90\" data-element_type=\"widget\" data-widget_type=\"heading.default\">\n\t\t\t\t<div class=\"elementor-widget-container\">\n\t\t\t\t\t<h2 class=\"elementor-heading-title elementor-size-default\">V\u00e5r vision<\/h2>\t\t\t\t<\/div>\n\t\t\t\t<\/div>\n\t\t\t\t<div class=\"elementor-element elementor-element-8ba4a4c elementor-widget elementor-widget-heading\" data-id=\"8ba4a4c\" data-element_type=\"widget\" data-widget_type=\"heading.default\">\n\t\t\t\t<div class=\"elementor-widget-container\">\n\t\t\t\t\t<h2 class=\"elementor-heading-title elementor-size-default\"><p>V\u00e5r vision \u00e4r att bli f\u00f6rstahandsvalet f\u00f6r alla som vill uppt\u00e4cka de arabiska l\u00e4ndernas underverk. Vi ser framf\u00f6r oss en framtid d\u00e4r resor till arabv\u00e4rlden inte bara \u00e4r enkla och tillg\u00e4ngliga, utan ocks\u00e5 skapar omv\u00e4lvande upplevelser som fr\u00e4mjar f\u00f6rst\u00e5else, respekt, kulturell uppskattning och livsl\u00e5nga minnen.<\/p><p>Fr\u00e5n de livliga marknaderna i Damaskus och Aleppo n\u00e4r de v\u00e4lkomnar bes\u00f6kare igen, till de antika ruinerna i Palmyra, kustens sk\u00f6nhet i Latakia, de moderna underverken i Gulfstaterna, Nilens eviga fl\u00f6de genom Egypten, bergsbyarna i Libanon, \u00f6kenslotten i Jordanien och Atlasbergen i Nordafrika - vi \u00e4r fast beslutna att visa upp hela spektrumet av arabiska destinationer.<\/p>Genom innovativ teknik, personlig service och djup kulturell expertis arbetar vi f\u00f6r att skapa en v\u00e4rld d\u00e4r varje resa till arabl\u00e4nderna blir en uppt\u00e4cktsresa som g\u00e5r l\u00e5ngt ut\u00f6ver vanliga resor, som f\u00f6renar hj\u00e4rtan och sinnen \u00f6ver kulturgr\u00e4nserna samtidigt som den bidrar till den ekonomiska utvecklingen och det kulturella bevarandet av dessa historiska l\u00e4nder.<\/h2>\t\t\t\t<\/div>\n\t\t\t\t<\/div>\n\t\t\t\t\t<\/div>\n\t\t<\/div>\n\t\t\t\t\t<\/div>\n\t\t<\/section>\n\t\t\t\t<section class=\"elementor-section elementor-top-section elementor-element elementor-element-3f140f7e elementor-section-boxed elementor-section-height-default elementor-section-height-default\" data-id=\"3f140f7e\" data-element_type=\"section\" data-settings=\"{&quot;background_background&quot;:&quot;classic&quot;}\">\n\t\t\t\t\t\t<div class=\"elementor-container elementor-column-gap-default\">\n\t\t\t\t\t<div class=\"elementor-column elementor-col-100 elementor-top-column elementor-element elementor-element-19e07eda\" data-id=\"19e07eda\" data-element_type=\"column\">\n\t\t\t<div class=\"elementor-widget-wrap elementor-element-populated\">\n\t\t\t\t\t\t<div class=\"elementor-element elementor-element-393379d9 elementor-widget elementor-widget-heading\" data-id=\"393379d9\" data-element_type=\"widget\" data-widget_type=\"heading.default\">\n\t\t\t\t<div class=\"elementor-widget-container\">\n\t\t\t\t\t<h2 class=\"elementor-heading-title elementor-size-default\">Vad v\u00e5ra kunder s\u00e4ger<\/h2>\t\t\t\t<\/div>\n\t\t\t\t<\/div>\n\t\t\t\t<div class=\"elementor-element elementor-element-5284cf5f elementor-widget elementor-widget-st_testimonial\" data-id=\"5284cf5f\" data-element_type=\"widget\" data-settings=\"{&quot;slides_per_view&quot;:&quot;2&quot;}\" data-widget_type=\"st_testimonial.default\">\n\t\t\t\t<div class=\"elementor-widget-container\">\n\t\t\t\t\t<div class=\"st-testimonial-modern-slider\">\r\n    <div class=\"st-testimonial\" data-effect=\"creative\" data-slides-per-view=\"2\" data-pagination=\"on\" data-navigation=\"on\" data-auto-play=\"off\" data-loop=\"true\" data-delay=\"\">\r\n        <div class=\"service-testimonial-wrapper swiper-container\">\r\n\t\t\t<div class=\"swiper-wrapper\">\r\n                            <div class=\"swiper-slide\">\r\n                    <div class=\"item\">\r\n\r\n                        \r\n                        <p class=\"st-content st-content-lib\">\r\n                                                    <\/p>\r\n                        <div class=\"author-meta author-meta-lib\">\r\n                                                                    <i class=\"review-testimonial stt-icon-star1\"><\/i>\r\n                                                                            <i class=\"review-testimonial stt-icon-star1\"><\/i>\r\n                                                                            <i class=\"review-testimonial stt-icon-star1\"><\/i>\r\n                                                                            <i class=\"review-testimonial stt-icon-star1\"><\/i>\r\n                                                                            <i class=\"review-testimonial stt-icon-star1\"><\/i>\r\n                                                                \r\n                            \r\n                        <\/div>\r\n                    <\/div>\r\n                <\/div>\r\n            \t\t\t<\/div>\r\n        <\/div>\r\n\t\t\t\t<div class=\"swiper-pagination\"><\/div>\r\n\t\t\t\t\t<div class=\"st-button-prev\"><span class=\"stt-icon stt-icon-arrow-left\"><\/span><\/div><div class=\"st-button-next\"><span class=\"stt-icon stt-icon-arrow-right\"><\/span><\/div>\r\n\t\t    <\/div>\r\n<\/div>\r\n\r\n\r\n\t\t\t\t<\/div>\n\t\t\t\t<\/div>\n\t\t\t\t\t<\/div>\n\t\t<\/div>\n\t\t\t\t\t<\/div>\n\t\t<\/section>\n\t\t\t\t<\/div>\n\t\t","protected":false},"excerpt":{"rendered":"<p>Om f\u00f6retaget Skylinetrip \u00e4r den fr\u00e4msta onlinebokningsplattformen f\u00f6r reseupplevelser i hela arabv\u00e4rlden. Som en omfattande resemarknadsplats sammanf\u00f6r vi resen\u00e4rer med de finaste hotellen, autentiska turer, sp\u00e4nnande aktiviteter, biluthyrning och p\u00e5litliga transfertj\u00e4nster i hela arabregionen. V\u00e5r plattform \u00e4r s\u00e4rskilt utformad f\u00f6r att visa upp den unika m\u00e5ngfalden och det rika arvet av arabisk kultur, historia och [&hellip;]<\/p>\n","protected":false},"author":1,"featured_media":0,"parent":0,"menu_order":0,"comment_status":"closed","ping_status":"closed","template":"template-blank.php","meta":{"footnotes":""},"class_list":["post-15352","page","type-page","status-publish","has-post-thumbnail","hentry"],"ams_acf":[],"_links":{"self":[{"href":"https:\/\/odaimos.mtsdevelopers.com\/sv\/wp-json\/wp\/v2\/pages\/15352","targetHints":{"allow":["GET"]}}],"collection":[{"href":"https:\/\/odaimos.mtsdevelopers.com\/sv\/wp-json\/wp\/v2\/pages"}],"about":[{"href":"https:\/\/odaimos.mtsdevelopers.com\/sv\/wp-json\/wp\/v2\/types\/page"}],"author":[{"embeddable":true,"href":"https:\/\/odaimos.mtsdevelopers.com\/sv\/wp-json\/wp\/v2\/users\/1"}],"replies":[{"embeddable":true,"href":"https:\/\/odaimos.mtsdevelopers.com\/sv\/wp-json\/wp\/v2\/comments?post=15352"}],"version-history":[{"count":0,"href":"https:\/\/odaimos.mtsdevelopers.com\/sv\/wp-json\/wp\/v2\/pages\/15352\/revisions"}],"wp:attachment":[{"href":"https:\/\/odaimos.mtsdevelopers.com\/sv\/wp-json\/wp\/v2\/media?parent=15352"}],"curies":[{"name":"wp","href":"https:\/\/api.w.org\/{rel}","templated":true}]}}