{"id":15154,"date":"2022-04-14T01:27:33","date_gmt":"2022-04-14T01:27:33","guid":{"rendered":"https:\/\/odaimos.mtsdevelopers.com\/kontakt\/"},"modified":"2025-08-13T10:14:09","modified_gmt":"2025-08-13T10:14:09","slug":"kontakt","status":"publish","type":"page","link":"https:\/\/odaimos.mtsdevelopers.com\/sv\/kontakt\/","title":{"rendered":"Kontakt"},"content":{"rendered":"\t\t<div data-elementor-type=\"wp-page\" data-elementor-id=\"15154\" class=\"elementor elementor-15154 elementor-707\">\n\t\t\t\t\t\t<section class=\"elementor-section elementor-top-section elementor-element elementor-element-7286bf4b elementor-section-content-middle elementor-section-boxed elementor-section-height-default elementor-section-height-default\" data-id=\"7286bf4b\" data-element_type=\"section\">\n\t\t\t\t\t\t<div class=\"elementor-container elementor-column-gap-default\">\n\t\t\t\t\t<div class=\"elementor-column elementor-col-50 elementor-top-column elementor-element elementor-element-4fc8b9e5\" data-id=\"4fc8b9e5\" data-element_type=\"column\">\n\t\t\t<div class=\"elementor-widget-wrap elementor-element-populated\">\n\t\t\t\t\t\t<div class=\"elementor-element elementor-element-6bbd8299 elementor-widget elementor-widget-heading\" data-id=\"6bbd8299\" data-element_type=\"widget\" data-widget_type=\"heading.default\">\n\t\t\t\t<div class=\"elementor-widget-container\">\n\t\t\t\t\t<h2 class=\"elementor-heading-title elementor-size-default\"><h2><\/h2><h2>Kontaktuppgifter<\/h2>\n<p><strong>Hemsida:<\/strong> <a href=\"http:\/\/www.skylinetrip.business\">www.skylinetrip.business<\/a><\/p><p><strong>E-post:<\/strong><\/p><ul><li>Allm\u00e4nna fr\u00e5gor: <a href=\"mailto:info@skylinetrip.business\">info@skylinetrip.business<\/a><\/li>\n<li>Kundtj\u00e4nst: <a href=\"mailto:support@skylinetrip.business\">support@skylinetrip.business<\/a><\/li>\n<li>Aff\u00e4rspartnerskap: <a href=\"mailto:partners@skylinetrip.business\">partners@skylinetrip.business<\/a><\/li>\n<li>Press &amp; Media: <a href=\"mailto:media@skylinetrip.business\">media@skylinetrip.business<\/a><\/li><\/ul><p><strong>Telefon:<\/strong><\/p><ul><li>Internationellt +971 4 XXX XXXX (Dubai-kontoret)<\/li>\n<li>Kundtj\u00e4nst: +1 800 XXX XXXX +1 800 XXX XXXX (support dygnet runt, alla dagar i veckan)<\/li><\/ul>\n<p><strong>Adress:<\/strong><\/p><ul><li>Huvudkontor: [Adress [Adress], Dubai, F\u00f6renade Arabemiraten<\/li><\/ul><p><strong>\u00d6ppettider:<\/strong><\/p><ul><li>Kundtj\u00e4nst: Tillg\u00e4nglig 24\/7<\/li>\n<li>\u00d6ppettider p\u00e5 kontoret: S\u00f6ndag - torsdag, kl. 9.00 - 18.00 (Gulf Standard Time)<\/li><\/ul><p><strong>Kontakt i n\u00f6dsituationer:<\/strong><\/p><ul><li>24\/7 Hotline f\u00f6r n\u00f6dsituationer i samband med resor: +971 50 XXX XXXX<\/li><\/ul><\/h2>\t\t\t\t<\/div>\n\t\t\t\t<\/div>\n\t\t\t\t<div class=\"elementor-element elementor-element-58f2cd5b elementor-widget-divider--view-line elementor-widget elementor-widget-divider\" data-id=\"58f2cd5b\" data-element_type=\"widget\" data-widget_type=\"divider.default\">\n\t\t\t\t<div class=\"elementor-widget-container\">\n\t\t\t\t\t\t\t<div class=\"elementor-divider\">\n\t\t\t<span class=\"elementor-divider-separator\">\n\t\t\t\t\t\t<\/span>\n\t\t<\/div>\n\t\t\t\t\t\t<\/div>\n\t\t\t\t<\/div>\n\t\t\t\t\t<\/div>\n\t\t<\/div>\n\t\t\t\t<div class=\"elementor-column elementor-col-50 elementor-top-column elementor-element elementor-element-b80a6ce\" data-id=\"b80a6ce\" data-element_type=\"column\">\n\t\t\t<div class=\"elementor-widget-wrap elementor-element-populated\">\n\t\t\t\t\t\t<div class=\"elementor-element elementor-element-10e6865 elementor-widget elementor-widget-shortcode\" data-id=\"10e6865\" data-element_type=\"widget\" data-widget_type=\"shortcode.default\">\n\t\t\t\t<div class=\"elementor-widget-container\">\n\t\t\t\t\t\t\t<div class=\"elementor-shortcode\">\n<div class=\"wpcf7 no-js\" id=\"wpcf7-f15702-o1\" lang=\"sv-SE\" dir=\"ltr\" data-wpcf7-id=\"15702\">\n<div class=\"screen-reader-response\"><p role=\"status\" aria-live=\"polite\" aria-atomic=\"true\"><\/p> <ul><\/ul><\/div>\n<form action=\"\/sv\/wp-json\/wp\/v2\/pages\/15154#wpcf7-f15702-o1\" method=\"post\" class=\"wpcf7-form init\" aria-label=\"Kontaktformul\u00e4r\" novalidate=\"novalidate\" data-status=\"init\">\n<fieldset class=\"hidden-fields-container\"><input type=\"hidden\" name=\"_wpcf7\" value=\"15702\" \/><input type=\"hidden\" name=\"_wpcf7_version\" value=\"6.1.1\" \/><input type=\"hidden\" name=\"_wpcf7_locale\" value=\"sv_SE\" \/><input type=\"hidden\" name=\"_wpcf7_unit_tag\" value=\"wpcf7-f15702-o1\" \/><input type=\"hidden\" name=\"_wpcf7_container_post\" value=\"0\" \/><input type=\"hidden\" name=\"_wpcf7_posted_data_hash\" value=\"\" \/>\n<\/fieldset>\n<div class=\"st-contact-form st-border-new\">\n\t<h3>Skicka ett meddelande\n\t\t<div class=\"mt30\">\n\t\t\t<div class=\"row\">\n\t\t\t\t<div class=\"col-md-6\">\n\t\t\t\t\t<div class=\"form-group\">\n\t\t\t\t\t\t<p><span class=\"wpcf7-form-control-wrap\" data-name=\"your-name\"><input size=\"40\" maxlength=\"400\" class=\"wpcf7-form-control wpcf7-text form-control\" id=\"name\" aria-invalid=\"false\" placeholder=\"Ditt namn\" value=\"\" type=\"text\" name=\"your-name\" \/><\/span>\n\t\t\t\t\t\t<\/p>\n\t\t\t\t\t<\/div>\n\t\t\t\t<\/div>\n\t\t\t\t<div class=\"col-md-6\">\n\t\t\t\t\t<div class=\"form-group\">\n\t\t\t\t\t\t<p><span class=\"wpcf7-form-control-wrap\" data-name=\"your-phone\"><input size=\"40\" maxlength=\"400\" class=\"wpcf7-form-control wpcf7-tel wpcf7-text wpcf7-validates-as-tel form-control\" id=\"phone\" aria-invalid=\"false\" placeholder=\"Telefonnummer\" value=\"\" type=\"tel\" name=\"your-phone\" \/><\/span>\n\t\t\t\t\t\t<\/p>\n\t\t\t\t\t<\/div>\n\t\t\t\t<\/div>\n\t\t\t<\/div>\n\t\t\t<div class=\"row\">\n\t\t\t\t<div class=\"col-md-12\">\n\t\t\t\t\t<div class=\"form-group\">\n\t\t\t\t\t\t<p><span class=\"wpcf7-form-control-wrap\" data-name=\"email-139\"><input size=\"40\" maxlength=\"400\" class=\"wpcf7-form-control wpcf7-email wpcf7-validates-as-required wpcf7-text wpcf7-validates-as-email form-control\" id=\"email\" aria-required=\"true\" aria-invalid=\"false\" placeholder=\"Din e-post*\" value=\"\" type=\"email\" name=\"email-139\" \/><\/span>\n\t\t\t\t\t\t<\/p>\n\t\t\t\t\t<\/div>\n\t\t\t\t<\/div>\n\t\t\t<\/div>\n\t\t\t<div class=\"form-group\">\n\t\t\t\t<p><span class=\"wpcf7-form-control-wrap\" data-name=\"message\"><textarea cols=\"40\" rows=\"10\" maxlength=\"2000\" class=\"wpcf7-form-control wpcf7-textarea form-control\" id=\"message\" aria-invalid=\"false\" placeholder=\"Meddelande\" name=\"message\"><\/textarea><\/span>\n\t\t\t\t<\/p>\n\t\t\t<\/div>\n\t\t\t<div class=\"st-button-subbmit\">\n\t\t\t\t<p><input class=\"wpcf7-form-control wpcf7-submit has-spinner btn text-center btn-v2 btn-primary\" type=\"submit\" value=\"Skicka in\" \/>\n\t\t\t\t<\/p>\n\t\t\t<\/div>\n\t\t<\/div>\n\t<\/h3>\n<\/div><div class=\"wpcf7-response-output\" aria-hidden=\"true\"><\/div>\n<\/form>\n<\/div>\n<\/div>\n\t\t\t\t\t\t<\/div>\n\t\t\t\t<\/div>\n\t\t\t\t\t<\/div>\n\t\t<\/div>\n\t\t\t\t\t<\/div>\n\t\t<\/section>\n\t\t\t\t<\/div>\n\t\t","protected":false},"excerpt":{"rendered":"<p>Kontaktuppgifter Hemsida: www.skylinetrip.business E-post: Allm\u00e4nna fr\u00e5gor: info@skylinetrip.business Kundtj\u00e4nst: support@skylinetrip.business Aff\u00e4rspartnerskap: partners@skylinetrip.business Press &amp; Media: media@skylinetrip.business Telefon: Internationellt +971 4 XXX XXXX (Dubai-kontoret) Kundtj\u00e4nst: +1 800 XXX XXXX +1 800 XXX XXXX (support dygnet runt, alla dagar i veckan) Adress: Huvudkontor: [Adress [Adress], Dubai, F\u00f6renade Arabemiraten \u00d6ppettider: Kundtj\u00e4nst: Tillg\u00e4nglig 24\/7 \u00d6ppettider p\u00e5 kontoret: S\u00f6ndag - torsdag, [&hellip;]<\/p>\n","protected":false},"author":1,"featured_media":0,"parent":0,"menu_order":0,"comment_status":"closed","ping_status":"closed","template":"template-blank.php","meta":{"footnotes":""},"class_list":["post-15154","page","type-page","status-publish","has-post-thumbnail","hentry"],"ams_acf":[],"_links":{"self":[{"href":"https:\/\/odaimos.mtsdevelopers.com\/sv\/wp-json\/wp\/v2\/pages\/15154","targetHints":{"allow":["GET"]}}],"collection":[{"href":"https:\/\/odaimos.mtsdevelopers.com\/sv\/wp-json\/wp\/v2\/pages"}],"about":[{"href":"https:\/\/odaimos.mtsdevelopers.com\/sv\/wp-json\/wp\/v2\/types\/page"}],"author":[{"embeddable":true,"href":"https:\/\/odaimos.mtsdevelopers.com\/sv\/wp-json\/wp\/v2\/users\/1"}],"replies":[{"embeddable":true,"href":"https:\/\/odaimos.mtsdevelopers.com\/sv\/wp-json\/wp\/v2\/comments?post=15154"}],"version-history":[{"count":0,"href":"https:\/\/odaimos.mtsdevelopers.com\/sv\/wp-json\/wp\/v2\/pages\/15154\/revisions"}],"wp:attachment":[{"href":"https:\/\/odaimos.mtsdevelopers.com\/sv\/wp-json\/wp\/v2\/media?parent=15154"}],"curies":[{"name":"wp","href":"https:\/\/api.w.org\/{rel}","templated":true}]}}