{"id":15590,"date":"2022-04-16T23:51:28","date_gmt":"2022-04-16T23:51:28","guid":{"rendered":"https:\/\/odaimos.mtsdevelopers.com\/informazioni-su\/"},"modified":"2025-08-13T10:17:31","modified_gmt":"2025-08-13T10:17:31","slug":"informazioni-su","status":"publish","type":"page","link":"https:\/\/odaimos.mtsdevelopers.com\/it\/informazioni-su\/","title":{"rendered":"Informazioni su"},"content":{"rendered":"\t\t<div data-elementor-type=\"wp-page\" data-elementor-id=\"15590\" class=\"elementor elementor-15590 elementor-807\">\n\t\t\t\t\t\t<section class=\"elementor-section elementor-top-section elementor-element elementor-element-1e2f5304 elementor-section-boxed elementor-section-height-default elementor-section-height-default\" data-id=\"1e2f5304\" data-element_type=\"section\">\n\t\t\t\t\t\t<div class=\"elementor-container elementor-column-gap-default\">\n\t\t\t\t\t<div class=\"elementor-column elementor-col-100 elementor-top-column elementor-element elementor-element-6aae9b20\" data-id=\"6aae9b20\" data-element_type=\"column\">\n\t\t\t<div class=\"elementor-widget-wrap elementor-element-populated\">\n\t\t\t\t\t\t<div class=\"elementor-element elementor-element-4bbaade elementor-widget elementor-widget-heading\" data-id=\"4bbaade\" data-element_type=\"widget\" data-widget_type=\"heading.default\">\n\t\t\t\t<div class=\"elementor-widget-container\">\n\t\t\t\t\t<h2 class=\"elementor-heading-title elementor-size-default\">Informazioni sull'azienda<\/h2>\t\t\t\t<\/div>\n\t\t\t\t<\/div>\n\t\t\t\t<div class=\"elementor-element elementor-element-2eecd387 elementor-widget elementor-widget-heading\" data-id=\"2eecd387\" data-element_type=\"widget\" data-widget_type=\"heading.default\">\n\t\t\t\t<div class=\"elementor-widget-container\">\n\t\t\t\t\t<h2 class=\"elementor-heading-title elementor-size-default\"><p>Skylinetrip \u00e8 la principale piattaforma di prenotazione online per esperienze di viaggio in tutto il mondo arabo. In qualit\u00e0 di mercato di viaggi completo, mettiamo in contatto i viaggiatori con i migliori hotel, tour autentici, attivit\u00e0 emozionanti, noleggio auto e servizi di trasferimento affidabili in tutta la regione araba.<\/p><p>\n<\/p><p>La nostra piattaforma \u00e8 stata progettata appositamente per mostrare la diversit\u00e0 unica e il ricco patrimonio della cultura, della storia e della leggendaria ospitalit\u00e0 araba. Dagli skyline scintillanti di Dubai e le antiche meraviglie delle citt\u00e0 storiche della Siria, alle maestose piramidi d'Egitto, alla citt\u00e0 rosa di Petra in Giordania, alle avventure nel deserto dell'Arabia Saudita, alle montagne di cedri del Libano, ai souk del Marocco, ai tesori archeologici dell'Iraq e alle spiagge incontaminate della Tunisia, Skylinetrip ti offre tutto ci\u00f2 che ti serve per un viaggio indimenticabile.<\/p><p>\n<\/p><p>Serviamo viaggiatori in cerca di esperienze autentiche in tutto il Medio Oriente e il Nord Africa, compresi gli Emirati Arabi Uniti, l'Arabia Saudita, la Giordania, l'Egitto, il Libano, la Siria, l'Iraq, il Marocco, la Tunisia, l'Algeria, la Libia, lo Yemen, l'Oman, il Qatar, il Bahrain, il Kuwait, la Palestina e il Sudan. Ogni destinazione offre una miscela unica di storia antica, cultura vibrante, paesaggi mozzafiato e calda ospitalit\u00e0.<\/p><p>\n<\/p><p>Grazie alla profonda conoscenza degli usi e costumi locali e a una vasta rete di partner fidati, offriamo ai nostri clienti non solo servizi di prenotazione, ma vere e proprie esperienze di viaggio che catturano il cuore e l'anima del mondo arabo.<\/p><\/h2>\t\t\t\t<\/div>\n\t\t\t\t<\/div>\n\t\t\t\t\t<\/div>\n\t\t<\/div>\n\t\t\t\t\t<\/div>\n\t\t<\/section>\n\t\t\t\t<section class=\"elementor-section elementor-top-section elementor-element elementor-element-6a5a94e3 elementor-section-boxed elementor-section-height-default elementor-section-height-default\" data-id=\"6a5a94e3\" data-element_type=\"section\">\n\t\t\t\t\t\t<div class=\"elementor-container elementor-column-gap-default\">\n\t\t\t\t\t<div class=\"elementor-column elementor-col-50 elementor-top-column elementor-element elementor-element-52410987\" data-id=\"52410987\" data-element_type=\"column\">\n\t\t\t<div class=\"elementor-widget-wrap elementor-element-populated\">\n\t\t\t\t\t\t<div class=\"elementor-element elementor-element-54e053c2 elementor-widget elementor-widget-heading\" data-id=\"54e053c2\" data-element_type=\"widget\" data-widget_type=\"heading.default\">\n\t\t\t\t<div class=\"elementor-widget-container\">\n\t\t\t\t\t<h2 class=\"elementor-heading-title elementor-size-default\">La nostra missione<\/h2>\t\t\t\t<\/div>\n\t\t\t\t<\/div>\n\t\t\t\t<div class=\"elementor-element elementor-element-363cb770 elementor-widget elementor-widget-heading\" data-id=\"363cb770\" data-element_type=\"widget\" data-widget_type=\"heading.default\">\n\t\t\t\t<div class=\"elementor-widget-container\">\n\t\t\t\t\t<h2 class=\"elementor-heading-title elementor-size-default\"><p class=\"whitespace-normal break-words\">La missione di Skylinetrip \u00e8 quella di aprire le porte degli affascinanti Paesi arabi e permettere a tutti i viaggiatori di sperimentare la straordinaria bellezza, la ricca cultura e la leggendaria ospitalit\u00e0 di questa straordinaria regione.<\/p>\n<p class=\"whitespace-normal break-words\">Ci sforziamo di essere la piattaforma di viaggio leader per il mondo arabo:<\/p>\n<ul class=\"[&amp;:not(:last-child)_ul]:pb-1 [&amp;:not(:last-child)_ol]:pb-1 list-disc space-y-1.5 pl-7\">\n<li class=\"whitespace-normal break-words\"><strong>Curando esperienze autentiche<\/strong> che mostrino la vera essenza della cultura e del patrimonio arabo<\/li>\n<li class=\"whitespace-normal break-words\"><strong>Creare esperienze di prenotazione senza soluzione di continuit\u00e0<\/strong> che garantiscano fiducia, sicurezza e tranquillit\u00e0.<\/li>\n<li class=\"whitespace-normal break-words\"><strong>Sostenere le comunit\u00e0 locali<\/strong> e promuovere un turismo sostenibile e responsabile<\/li>\n<li class=\"whitespace-normal break-words\"><strong>Costruire ponti culturali<\/strong> tra i viaggiatori e le accoglienti popolazioni del mondo arabo<\/li>\n<li class=\"whitespace-normal break-words\"><strong>Preservare e celebrare<\/strong> le diverse tradizioni, lingue e costumi di ogni nazione.<\/li>\n<li class=\"whitespace-normal break-words\"><strong>Rendere accessibili i viaggi<\/strong> in destinazioni spesso trascurate dal turismo tradizionale<\/li><\/ul><\/h2>\t\t\t\t<\/div>\n\t\t\t\t<\/div>\n\t\t\t\t\t<\/div>\n\t\t<\/div>\n\t\t\t\t<div class=\"elementor-column elementor-col-50 elementor-top-column elementor-element elementor-element-3acbe6d7\" data-id=\"3acbe6d7\" data-element_type=\"column\">\n\t\t\t<div class=\"elementor-widget-wrap elementor-element-populated\">\n\t\t\t\t\t\t<div class=\"elementor-element elementor-element-9492c90 elementor-widget elementor-widget-heading\" data-id=\"9492c90\" data-element_type=\"widget\" data-widget_type=\"heading.default\">\n\t\t\t\t<div class=\"elementor-widget-container\">\n\t\t\t\t\t<h2 class=\"elementor-heading-title elementor-size-default\">La nostra visione<\/h2>\t\t\t\t<\/div>\n\t\t\t\t<\/div>\n\t\t\t\t<div class=\"elementor-element elementor-element-8ba4a4c elementor-widget elementor-widget-heading\" data-id=\"8ba4a4c\" data-element_type=\"widget\" data-widget_type=\"heading.default\">\n\t\t\t\t<div class=\"elementor-widget-container\">\n\t\t\t\t\t<h2 class=\"elementor-heading-title elementor-size-default\"><p>La nostra visione \u00e8 quella di diventare la prima scelta per chiunque voglia scoprire le meraviglie delle nazioni arabe. Immaginiamo un futuro in cui viaggiare nella regione araba non sia solo semplice e accessibile, ma crei anche esperienze trasformative che favoriscano la comprensione, il rispetto, l'apprezzamento culturale e i ricordi per tutta la vita.<\/p><p>Dai vivaci mercati di Damasco e Aleppo che tornano a dare il benvenuto ai visitatori, alle antiche rovine di Palmira, alle bellezze costiere di Latakia, alle moderne meraviglie degli Stati del Golfo, all'eterno scorrere del Nilo attraverso l'Egitto, ai villaggi di montagna del Libano, ai castelli del deserto della Giordania e alle montagne dell'Atlante del Nord Africa: ci impegniamo a mostrare l'intero spettro delle destinazioni arabe.<\/p>Grazie a una tecnologia innovativa, a un servizio personalizzato e a una profonda esperienza culturale, lavoriamo per creare un mondo in cui ogni viaggio nei Paesi arabi diventi un viaggio di scoperta che va ben oltre il normale viaggio, mettendo in contatto cuori e menti attraverso le culture e contribuendo allo sviluppo economico e alla conservazione culturale di queste terre storiche.<\/h2>\t\t\t\t<\/div>\n\t\t\t\t<\/div>\n\t\t\t\t\t<\/div>\n\t\t<\/div>\n\t\t\t\t\t<\/div>\n\t\t<\/section>\n\t\t\t\t<section class=\"elementor-section elementor-top-section elementor-element elementor-element-3f140f7e elementor-section-boxed elementor-section-height-default elementor-section-height-default\" data-id=\"3f140f7e\" data-element_type=\"section\" data-settings=\"{&quot;background_background&quot;:&quot;classic&quot;}\">\n\t\t\t\t\t\t<div class=\"elementor-container elementor-column-gap-default\">\n\t\t\t\t\t<div class=\"elementor-column elementor-col-100 elementor-top-column elementor-element elementor-element-19e07eda\" data-id=\"19e07eda\" data-element_type=\"column\">\n\t\t\t<div class=\"elementor-widget-wrap elementor-element-populated\">\n\t\t\t\t\t\t<div class=\"elementor-element elementor-element-393379d9 elementor-widget elementor-widget-heading\" data-id=\"393379d9\" data-element_type=\"widget\" data-widget_type=\"heading.default\">\n\t\t\t\t<div class=\"elementor-widget-container\">\n\t\t\t\t\t<h2 class=\"elementor-heading-title elementor-size-default\">Cosa dicono i nostri clienti<\/h2>\t\t\t\t<\/div>\n\t\t\t\t<\/div>\n\t\t\t\t<div class=\"elementor-element elementor-element-5284cf5f elementor-widget elementor-widget-st_testimonial\" data-id=\"5284cf5f\" data-element_type=\"widget\" data-settings=\"{&quot;slides_per_view&quot;:&quot;2&quot;}\" data-widget_type=\"st_testimonial.default\">\n\t\t\t\t<div class=\"elementor-widget-container\">\n\t\t\t\t\t<div class=\"st-testimonial-modern-slider\">\r\n    <div class=\"st-testimonial\" data-effect=\"creative\" data-slides-per-view=\"2\" data-pagination=\"on\" data-navigation=\"on\" data-auto-play=\"off\" data-loop=\"true\" data-delay=\"\">\r\n        <div class=\"service-testimonial-wrapper swiper-container\">\r\n\t\t\t<div class=\"swiper-wrapper\">\r\n                            <div class=\"swiper-slide\">\r\n                    <div class=\"item\">\r\n\r\n                        \r\n                        <p class=\"st-content st-content-lib\">\r\n                                                    <\/p>\r\n                        <div class=\"author-meta author-meta-lib\">\r\n                                                                    <i class=\"review-testimonial stt-icon-star1\"><\/i>\r\n                                                                            <i class=\"review-testimonial stt-icon-star1\"><\/i>\r\n                                                                            <i class=\"review-testimonial stt-icon-star1\"><\/i>\r\n                                                                            <i class=\"review-testimonial stt-icon-star1\"><\/i>\r\n                                                                            <i class=\"review-testimonial stt-icon-star1\"><\/i>\r\n                                                                \r\n                            \r\n                        <\/div>\r\n                    <\/div>\r\n                <\/div>\r\n            \t\t\t<\/div>\r\n        <\/div>\r\n\t\t\t\t<div class=\"swiper-pagination\"><\/div>\r\n\t\t\t\t\t<div class=\"st-button-prev\"><span class=\"stt-icon stt-icon-arrow-left\"><\/span><\/div><div class=\"st-button-next\"><span class=\"stt-icon stt-icon-arrow-right\"><\/span><\/div>\r\n\t\t    <\/div>\r\n<\/div>\r\n\r\n\r\n\t\t\t\t<\/div>\n\t\t\t\t<\/div>\n\t\t\t\t\t<\/div>\n\t\t<\/div>\n\t\t\t\t\t<\/div>\n\t\t<\/section>\n\t\t\t\t<\/div>\n\t\t","protected":false},"excerpt":{"rendered":"<p>Informazioni sull&#8217;azienda Skylinetrip \u00e8 la principale piattaforma di prenotazione online per esperienze di viaggio in tutto il mondo arabo. In qualit\u00e0 di mercato di viaggi completo, mettiamo in contatto i viaggiatori con i migliori hotel, tour autentici, attivit\u00e0 emozionanti, noleggio auto e servizi di trasferimento affidabili in tutta la regione araba. La nostra piattaforma \u00e8 [&hellip;]<\/p>\n","protected":false},"author":1,"featured_media":0,"parent":0,"menu_order":0,"comment_status":"closed","ping_status":"closed","template":"template-blank.php","meta":{"footnotes":""},"class_list":["post-15590","page","type-page","status-publish","has-post-thumbnail","hentry"],"ams_acf":[],"_links":{"self":[{"href":"https:\/\/odaimos.mtsdevelopers.com\/it\/wp-json\/wp\/v2\/pages\/15590","targetHints":{"allow":["GET"]}}],"collection":[{"href":"https:\/\/odaimos.mtsdevelopers.com\/it\/wp-json\/wp\/v2\/pages"}],"about":[{"href":"https:\/\/odaimos.mtsdevelopers.com\/it\/wp-json\/wp\/v2\/types\/page"}],"author":[{"embeddable":true,"href":"https:\/\/odaimos.mtsdevelopers.com\/it\/wp-json\/wp\/v2\/users\/1"}],"replies":[{"embeddable":true,"href":"https:\/\/odaimos.mtsdevelopers.com\/it\/wp-json\/wp\/v2\/comments?post=15590"}],"version-history":[{"count":0,"href":"https:\/\/odaimos.mtsdevelopers.com\/it\/wp-json\/wp\/v2\/pages\/15590\/revisions"}],"wp:attachment":[{"href":"https:\/\/odaimos.mtsdevelopers.com\/it\/wp-json\/wp\/v2\/media?parent=15590"}],"curies":[{"name":"wp","href":"https:\/\/api.w.org\/{rel}","templated":true}]}}