{"id":15681,"date":"2025-06-28T08:20:32","date_gmt":"2025-06-28T08:20:32","guid":{"rendered":"https:\/\/odaimos.mtsdevelopers.com\/conditions-dutilisation\/"},"modified":"2025-08-13T10:25:49","modified_gmt":"2025-08-13T10:25:49","slug":"conditions-dutilisation","status":"publish","type":"page","link":"https:\/\/odaimos.mtsdevelopers.com\/fr\/conditions-dutilisation\/","title":{"rendered":"Conditions d&rsquo;utilisation"},"content":{"rendered":"\n<div class=\"wp-block-group alignfull has-background-background-color has-background\" style=\"margin-top:0;margin-bottom:0;padding-top:var(--wp--preset--spacing--60);padding-right:var(--wp--preset--spacing--30);padding-bottom:var(--wp--preset--spacing--60);padding-left:var(--wp--preset--spacing--30)\"><div class=\"wp-block-group__inner-container is-layout-constrained wp-container-core-group-is-layout-512a02c9 wp-block-group-is-layout-constrained\">\n<h2 class=\"wp-block-heading has-text-align-center has-large-font-size\">Comprendre les conditions r\u00e9gissant votre utilisation de ce site web<\/h2>\n\n\n\n<p class=\"has-text-align-center\" style=\"margin-top:16px\">Cette page pr\u00e9sente les termes et conditions r\u00e9gissant l&rsquo;utilisation du site web, afin d&rsquo;assurer la clart\u00e9 et la compr\u00e9hension mutuelle entre la plateforme et ses utilisateurs.<\/p>\n\n\n<div class=\"wp-block-image extendify-image-import is-style-default\">\n<figure class=\"aligncenter size-large\"><img decoding=\"async\" src=\"https:\/\/images.unsplash.com\/photo-1637763723578-79a4ca9225f7?ixid=M3w0MzUxNjF8MHwxfHNlYXJjaHwxfHxsZWdhbCUyMGFncmVlbWVudHxlbnwwfHx8fDE3NTEwMjk3MjZ8MA&amp;ixlib=rb-4.1.0&amp;orientation=landscape?fit=crop&amp;crop=entropy%2Cfaces&amp;auto=format%2Ccompress&amp;w=1280\" alt=\"\" style=\"aspect-ratio:16\/9;object-fit:cover\"\/><\/figure><\/div><\/div><\/div>\n\n<div class=\"wp-block-group alignfull has-tertiary-background-color has-background\" style=\"margin-top:0;margin-bottom:0;padding-top:var(--wp--preset--spacing--60);padding-right:var(--wp--preset--spacing--30);padding-bottom:var(--wp--preset--spacing--60);padding-left:var(--wp--preset--spacing--30)\"><div class=\"wp-block-group__inner-container is-layout-constrained wp-container-core-group-is-layout-392eb801 wp-block-group-is-layout-constrained\">\n<div class=\"wp-block-group alignwide is-content-justification-center\" style=\"margin-bottom:var(--wp--preset--spacing--30)\"><div class=\"wp-block-group__inner-container is-layout-constrained wp-block-group-is-layout-constrained\">\n<h2 class=\"wp-block-heading has-text-align-center has-large-font-size\">Quelles sont les conditions d&rsquo;utilisation de ce site ?<\/h2>\n\n\n\n<p class=\"has-text-align-center\" style=\"margin-top:16px\">Cette section clarifie les principaux termes et conditions afin que les utilisateurs comprennent leurs droits et obligations lorsqu&rsquo;ils utilisent notre plateforme.<\/p>\n<\/div><\/div>\n\n\n\n<div class=\"wp-block-group\" style=\"border-bottom-color:var(--wp--preset--color--tertiary);border-bottom-width:1px;margin-top:0;padding-top:var(--wp--preset--spacing--30);padding-bottom:var(--wp--preset--spacing--30)\"><div class=\"wp-block-group__inner-container is-layout-constrained wp-block-group-is-layout-constrained\">\n<h4 class=\"wp-block-heading has-medium-font-size\">Qui peut acc\u00e9der \u00e0 ce site web et l&rsquo;utiliser ?<\/h4>\n\n\n\n<p class=\"has-small-font-size\" style=\"margin-top:12px\">L&rsquo;acc\u00e8s est accord\u00e9 aux utilisateurs qui acceptent de se conformer \u00e0 nos conditions et aux lois applicables.<\/p>\n<\/div><\/div>\n\n\n\n<div class=\"wp-block-group\" style=\"border-bottom-color:var(--wp--preset--color--tertiary);border-bottom-width:1px;margin-top:0;padding-top:var(--wp--preset--spacing--30);padding-bottom:var(--wp--preset--spacing--30)\"><div class=\"wp-block-group__inner-container is-layout-constrained wp-block-group-is-layout-constrained\">\n<h4 class=\"wp-block-heading has-medium-font-size\">Comment les donn\u00e9es des utilisateurs sont-elles trait\u00e9es sur ce site ?<\/h4>\n\n\n\n<p class=\"has-small-font-size\" style=\"margin-top:12px\">Nous recueillons et prot\u00e9geons les informations personnelles conform\u00e9ment \u00e0 nos politiques de confidentialit\u00e9.<\/p>\n<\/div><\/div>\n\n\n\n<div class=\"wp-block-group\" style=\"border-bottom-color:var(--wp--preset--color--tertiary);border-bottom-width:1px;margin-top:0;padding-top:var(--wp--preset--spacing--30);padding-bottom:var(--wp--preset--spacing--30)\"><div class=\"wp-block-group__inner-container is-layout-constrained wp-block-group-is-layout-constrained\">\n<h4 class=\"wp-block-heading has-medium-font-size\">Quelles sont les restrictions concernant l&rsquo;utilisation du contenu ?<\/h4>\n\n\n\n<p class=\"has-small-font-size\" style=\"margin-top:12px\">Le contenu est r\u00e9serv\u00e9 \u00e0 un usage personnel et ne peut \u00eatre reproduit sans autorisation.<\/p>\n<\/div><\/div>\n\n\n\n<div class=\"wp-block-group\" style=\"margin-top:0;padding-top:var(--wp--preset--spacing--30);padding-bottom:0\"><div class=\"wp-block-group__inner-container is-layout-constrained wp-block-group-is-layout-constrained\">\n<h4 class=\"wp-block-heading has-medium-font-size\">Comment les utilisateurs peuvent-ils r\u00e9silier leur compte ?<\/h4>\n\n\n\n<p class=\"has-small-font-size\" style=\"margin-top:12px\">Les utilisateurs peuvent d\u00e9sactiver leur compte \u00e0 tout moment en suivant les proc\u00e9dures d\u00e9crites.<\/p>\n<\/div><\/div>\n<\/div><\/div>\n\n<div class=\"wp-block-group alignfull has-background-background-color has-background\" style=\"margin-top:0;margin-bottom:0;padding-top:var(--wp--preset--spacing--60);padding-right:var(--wp--preset--spacing--30);padding-bottom:var(--wp--preset--spacing--60);padding-left:var(--wp--preset--spacing--30)\"><div class=\"wp-block-group__inner-container is-layout-constrained wp-container-core-group-is-layout-392eb801 wp-block-group-is-layout-constrained\">\n<div class=\"wp-block-group alignwide is-vertical is-layout-flex wp-container-core-group-is-layout-8cf370e7 wp-block-group-is-layout-flex\">\n<div class=\"wp-block-group alignwide is-content-justification-left\"><div class=\"wp-block-group__inner-container is-layout-constrained wp-container-core-group-is-layout-eded1d97 wp-block-group-is-layout-constrained\">\n<h2 class=\"wp-block-heading has-large-font-size\">Accord sur les conditions de service<\/h2>\n\n\n\n<p style=\"margin-top:16px\">Cette page pr\u00e9sente les termes et conditions r\u00e9gissant l&rsquo;utilisation du site web, afin d&rsquo;assurer la clart\u00e9 et la compr\u00e9hension mutuelle entre la plateforme et ses utilisateurs.<\/p>\n<\/div><\/div>\n<\/div>\n\n\n\n<div class=\"wp-block-columns alignwide is-layout-flex wp-container-core-columns-is-layout-54975717 wp-block-columns-is-layout-flex\">\n<div class=\"wp-block-column is-layout-flow wp-block-column-is-layout-flow\">\n<div class=\"wp-block-group has-tertiary-background-color has-background\" style=\"border-radius:4px;min-height:100%;padding-top:var(--wp--preset--spacing--30);padding-right:var(--wp--preset--spacing--30);padding-bottom:var(--wp--preset--spacing--30);padding-left:var(--wp--preset--spacing--30)\"><div class=\"wp-block-group__inner-container is-layout-constrained wp-container-core-group-is-layout-0cc5ead4 wp-block-group-is-layout-constrained\">\n<figure class=\"wp-block-image size-large ext-aspect-landscape extendify-image-import wp-duotone-varpresetduotoneprimary-foreground-1\"><img decoding=\"async\" src=\"data:image\/svg+xml;base64,PHN2ZyB4bWxucz0iaHR0cDovL3d3dy53My5vcmcvMjAwMC9zdmciIHdpZHRoPSI0OCIgaGVpZ2h0PSI0OCIgZmlsbD0ibm9uZSIgdmlld0JveD0iMCAwIDQ4IDQ4Ij48bWFzayBpZD0iYSIgd2lkdGg9IjQ4IiBoZWlnaHQ9IjQ4IiB4PSIwIiB5PSIwIiBtYXNrVW5pdHM9InVzZXJTcGFjZU9uVXNlIiBzdHlsZT0ibWFzay10eXBlOmFscGhhIj48cGF0aCBmaWxsPSIjRDlEOUQ5IiBkPSJNMCAwaDQ4djQ4SDB6Ii8+PC9tYXNrPjxnIG1hc2s9InVybCgjYSkiPjxwYXRoIGZpbGw9IiMxQzFCMUYiIGQ9Ik0xNS45NSAzNS41aDE2LjF2LTNoLTE2LjF2M1ptMC04LjVoMTYuMXYtM2gtMTYuMXYzWk0xMSA0NGMtLjggMC0xLjUtLjMtMi4xLS45LS42LS42LS45LTEuMy0uOS0yLjFWN2MwLS44LjMtMS41LjktMi4xLjYtLjYgMS4zLS45IDIuMS0uOWgxOC4wNUw0MCAxNC45NVY0MWMwIC44LS4zIDEuNS0uOSAyLjEtLjYuNi0xLjMuOS0yLjEuOUgxMVptMTYuNTUtMjcuN1Y3SDExdjM0aDI2VjE2LjNoLTkuNDVaIi8+PC9nPjwvc3ZnPg==\" alt=\"\"\/><\/figure>\n\n\n\n<h3 class=\"wp-block-heading\" style=\"margin-top:24px;font-size:20px;line-height:1.5\">Responsabilit\u00e9s de l&rsquo;utilisateur<\/h3>\n\n\n\n<p class=\"has-small-font-size\" style=\"margin-top:8px\">Comprendre vos obligations et comment utiliser nos services de mani\u00e8re responsable.<\/p>\n\n\n\n<div class=\"wp-block-buttons is-content-justification-left is-layout-flex wp-container-core-buttons-is-layout-fdcfc74e wp-block-buttons-is-layout-flex\">\n<div class=\"wp-block-button\"><a class=\"wp-block-button__link has-small-font-size has-custom-font-size wp-element-button\" href=\"#\">Lire la suite<\/a><\/div>\n<\/div>\n<\/div><\/div>\n<\/div>\n\n\n\n<div class=\"wp-block-column is-layout-flow wp-block-column-is-layout-flow\">\n<div class=\"wp-block-group has-tertiary-background-color has-background\" style=\"border-radius:4px;min-height:100%;padding-top:var(--wp--preset--spacing--30);padding-right:var(--wp--preset--spacing--30);padding-bottom:var(--wp--preset--spacing--30);padding-left:var(--wp--preset--spacing--30)\"><div class=\"wp-block-group__inner-container is-layout-constrained wp-container-core-group-is-layout-0cc5ead4 wp-block-group-is-layout-constrained\">\n<figure class=\"wp-block-image size-large ext-aspect-landscape extendify-image-import wp-duotone-varpresetduotoneprimary-foreground-2\"><img decoding=\"async\" src=\"data:image\/svg+xml;base64,PHN2ZyB4bWxucz0iaHR0cDovL3d3dy53My5vcmcvMjAwMC9zdmciIHdpZHRoPSI0OCIgaGVpZ2h0PSI0OCIgZmlsbD0ibm9uZSIgdmlld0JveD0iMCAwIDQ4IDQ4Ij48bWFzayBpZD0iYSIgd2lkdGg9IjQ4IiBoZWlnaHQ9IjQ4IiB4PSIwIiB5PSIwIiBtYXNrVW5pdHM9InVzZXJTcGFjZU9uVXNlIiBzdHlsZT0ibWFzay10eXBlOmFscGhhIj48cGF0aCBmaWxsPSIjRDlEOUQ5IiBkPSJNMCAwaDQ4djQ4SDB6Ii8+PC9tYXNrPjxnIG1hc2s9InVybCgjYSkiPjxwYXRoIGZpbGw9IiMxQzFCMUYiIGQ9Ik0xNS45NSAzNS41aDE2LjF2LTNoLTE2LjF2M1ptMC04LjVoMTYuMXYtM2gtMTYuMXYzWk0xMSA0NGMtLjggMC0xLjUtLjMtMi4xLS45LS42LS42LS45LTEuMy0uOS0yLjFWN2MwLS44LjMtMS41LjktMi4xLjYtLjYgMS4zLS45IDIuMS0uOWgxOC4wNUw0MCAxNC45NVY0MWMwIC44LS4zIDEuNS0uOSAyLjEtLjYuNi0xLjMuOS0yLjEuOUgxMVptMTYuNTUtMjcuN1Y3SDExdjM0aDI2VjE2LjNoLTkuNDVaIi8+PC9nPjwvc3ZnPg==\" alt=\"\"\/><\/figure>\n\n\n\n<h3 class=\"wp-block-heading\" style=\"margin-top:24px;font-size:20px;line-height:1.5\">Propri\u00e9t\u00e9 intellectuelle<\/h3>\n\n\n\n<p class=\"has-small-font-size\" style=\"margin-top:8px\">Renseignez-vous sur les droits de propri\u00e9t\u00e9 et les restrictions li\u00e9es au contenu du site web.<\/p>\n\n\n\n<div class=\"wp-block-buttons is-content-justification-left is-layout-flex wp-container-core-buttons-is-layout-fdcfc74e wp-block-buttons-is-layout-flex\">\n<div class=\"wp-block-button\"><a class=\"wp-block-button__link has-small-font-size has-custom-font-size wp-element-button\" href=\"#\">Lire la suite<\/a><\/div>\n<\/div>\n<\/div><\/div>\n<\/div>\n\n\n\n<div class=\"wp-block-column is-layout-flow wp-block-column-is-layout-flow\">\n<div class=\"wp-block-group has-tertiary-background-color has-background\" style=\"border-radius:4px;min-height:100%;padding-top:var(--wp--preset--spacing--30);padding-right:var(--wp--preset--spacing--30);padding-bottom:var(--wp--preset--spacing--30);padding-left:var(--wp--preset--spacing--30)\"><div class=\"wp-block-group__inner-container is-layout-constrained wp-container-core-group-is-layout-0cc5ead4 wp-block-group-is-layout-constrained\">\n<figure class=\"wp-block-image size-large ext-aspect-landscape extendify-image-import wp-duotone-varpresetduotoneprimary-foreground-3\"><img decoding=\"async\" src=\"data:image\/svg+xml;base64,PHN2ZyB4bWxucz0iaHR0cDovL3d3dy53My5vcmcvMjAwMC9zdmciIHdpZHRoPSI0OCIgaGVpZ2h0PSI0OCIgZmlsbD0ibm9uZSIgdmlld0JveD0iMCAwIDQ4IDQ4Ij48bWFzayBpZD0iYSIgd2lkdGg9IjQ4IiBoZWlnaHQ9IjQ4IiB4PSIwIiB5PSIwIiBtYXNrVW5pdHM9InVzZXJTcGFjZU9uVXNlIiBzdHlsZT0ibWFzay10eXBlOmFscGhhIj48cGF0aCBmaWxsPSIjRDlEOUQ5IiBkPSJNMCAwaDQ4djQ4SDB6Ii8+PC9tYXNrPjxnIG1hc2s9InVybCgjYSkiPjxwYXRoIGZpbGw9IiMxQzFCMUYiIGQ9Ik0xNS45NSAzNS41aDE2LjF2LTNoLTE2LjF2M1ptMC04LjVoMTYuMXYtM2gtMTYuMXYzWk0xMSA0NGMtLjggMC0xLjUtLjMtMi4xLS45LS42LS42LS45LTEuMy0uOS0yLjFWN2MwLS44LjMtMS41LjktMi4xLjYtLjYgMS4zLS45IDIuMS0uOWgxOC4wNUw0MCAxNC45NVY0MWMwIC44LS4zIDEuNS0uOSAyLjEtLjYuNi0xLjMuOS0yLjEuOUgxMVptMTYuNTUtMjcuN1Y3SDExdjM0aDI2VjE2LjNoLTkuNDVaIi8+PC9nPjwvc3ZnPg==\" alt=\"\"\/><\/figure>\n\n\n\n<h3 class=\"wp-block-heading\" style=\"margin-top:24px;font-size:20px;line-height:1.5\">Politique de confidentialit\u00e9<\/h3>\n\n\n\n<p class=\"has-small-font-size\" style=\"margin-top:8px\">Examinez la mani\u00e8re dont vos donn\u00e9es sont collect\u00e9es, utilis\u00e9es et prot\u00e9g\u00e9es sur notre plateforme.<\/p>\n\n\n\n<div class=\"wp-block-buttons is-content-justification-left is-layout-flex wp-container-core-buttons-is-layout-fdcfc74e wp-block-buttons-is-layout-flex\">\n<div class=\"wp-block-button\"><a class=\"wp-block-button__link has-small-font-size has-custom-font-size wp-element-button\" href=\"#\">Lire la suite<\/a><\/div>\n<\/div>\n<\/div><\/div>\n<\/div>\n<\/div>\n<\/div><\/div>\n\n<div class=\"wp-block-group alignfull has-tertiary-background-color has-background\" style=\"margin-top:0;margin-bottom:0;padding-top:var(--wp--preset--spacing--60);padding-right:var(--wp--preset--spacing--30);padding-bottom:var(--wp--preset--spacing--60);padding-left:var(--wp--preset--spacing--30)\"><div class=\"wp-block-group__inner-container is-layout-constrained wp-container-core-group-is-layout-392eb801 wp-block-group-is-layout-constrained\">\n<div class=\"wp-block-group alignwide has-background-background-color has-background is-content-justification-space-between is-layout-flex wp-container-core-group-is-layout-1614da31 wp-block-group-is-layout-flex\" style=\"padding-top:var(--wp--preset--spacing--50);padding-right:var(--wp--preset--spacing--50);padding-bottom:var(--wp--preset--spacing--50);padding-left:var(--wp--preset--spacing--50)\">\n<div class=\"wp-block-group\"><div class=\"wp-block-group__inner-container is-layout-constrained wp-block-group-is-layout-constrained\">\n<h2 class=\"wp-block-heading has-large-font-size\">Lisez nos conditions d&rsquo;utilisation<\/h2>\n\n\n\n<p style=\"margin-top:16px\">Cette page pr\u00e9sente les termes et conditions r\u00e9gissant l&rsquo;utilisation du site web, afin d&rsquo;assurer la clart\u00e9 et la compr\u00e9hension mutuelle entre la plateforme et ses utilisateurs.<\/p>\n<\/div><\/div>\n\n\n\n<div class=\"wp-block-buttons is-content-justification-left is-layout-flex wp-container-core-buttons-is-layout-0934dcb1 wp-block-buttons-is-layout-flex\">\n<div class=\"wp-block-button\"><a class=\"wp-block-button__link wp-element-button\" href=\"#\">Aper\u00e7u des termes<\/a><\/div>\n<\/div>\n<\/div>\n<\/div><\/div>\n","protected":false},"excerpt":{"rendered":"<p>Comprendre les conditions r\u00e9gissant votre utilisation de ce site web Cette page pr\u00e9sente les termes et conditions r\u00e9gissant l&rsquo;utilisation du site web, afin d&rsquo;assurer la clart\u00e9 et la compr\u00e9hension mutuelle entre la plateforme et ses utilisateurs. Quelles sont les conditions d&rsquo;utilisation de ce site ? Cette section clarifie les principaux termes et conditions afin que [&hellip;]<\/p>\n","protected":false},"author":1,"featured_media":0,"parent":0,"menu_order":0,"comment_status":"closed","ping_status":"closed","template":"","meta":{"footnotes":""},"class_list":["post-15681","page","type-page","status-publish","has-post-thumbnail","hentry"],"ams_acf":[],"_links":{"self":[{"href":"https:\/\/odaimos.mtsdevelopers.com\/fr\/wp-json\/wp\/v2\/pages\/15681","targetHints":{"allow":["GET"]}}],"collection":[{"href":"https:\/\/odaimos.mtsdevelopers.com\/fr\/wp-json\/wp\/v2\/pages"}],"about":[{"href":"https:\/\/odaimos.mtsdevelopers.com\/fr\/wp-json\/wp\/v2\/types\/page"}],"author":[{"embeddable":true,"href":"https:\/\/odaimos.mtsdevelopers.com\/fr\/wp-json\/wp\/v2\/users\/1"}],"replies":[{"embeddable":true,"href":"https:\/\/odaimos.mtsdevelopers.com\/fr\/wp-json\/wp\/v2\/comments?post=15681"}],"version-history":[{"count":0,"href":"https:\/\/odaimos.mtsdevelopers.com\/fr\/wp-json\/wp\/v2\/pages\/15681\/revisions"}],"wp:attachment":[{"href":"https:\/\/odaimos.mtsdevelopers.com\/fr\/wp-json\/wp\/v2\/media?parent=15681"}],"curies":[{"name":"wp","href":"https:\/\/api.w.org\/{rel}","templated":true}]}}