{"id":15593,"date":"2022-04-16T23:51:28","date_gmt":"2022-04-16T23:51:28","guid":{"rendered":"https:\/\/odaimos.mtsdevelopers.com\/a-propos-de\/"},"modified":"2025-08-13T10:17:31","modified_gmt":"2025-08-13T10:17:31","slug":"a-propos-de","status":"publish","type":"page","link":"https:\/\/odaimos.mtsdevelopers.com\/fr\/a-propos-de\/","title":{"rendered":"A propos de"},"content":{"rendered":"\t\t<div data-elementor-type=\"wp-page\" data-elementor-id=\"15593\" class=\"elementor elementor-15593 elementor-807\">\n\t\t\t\t\t\t<section class=\"elementor-section elementor-top-section elementor-element elementor-element-1e2f5304 elementor-section-boxed elementor-section-height-default elementor-section-height-default\" data-id=\"1e2f5304\" data-element_type=\"section\">\n\t\t\t\t\t\t<div class=\"elementor-container elementor-column-gap-default\">\n\t\t\t\t\t<div class=\"elementor-column elementor-col-100 elementor-top-column elementor-element elementor-element-6aae9b20\" data-id=\"6aae9b20\" data-element_type=\"column\">\n\t\t\t<div class=\"elementor-widget-wrap elementor-element-populated\">\n\t\t\t\t\t\t<div class=\"elementor-element elementor-element-4bbaade elementor-widget elementor-widget-heading\" data-id=\"4bbaade\" data-element_type=\"widget\" data-widget_type=\"heading.default\">\n\t\t\t\t<div class=\"elementor-widget-container\">\n\t\t\t\t\t<h2 class=\"elementor-heading-title elementor-size-default\">A propos de l'entreprise<\/h2>\t\t\t\t<\/div>\n\t\t\t\t<\/div>\n\t\t\t\t<div class=\"elementor-element elementor-element-2eecd387 elementor-widget elementor-widget-heading\" data-id=\"2eecd387\" data-element_type=\"widget\" data-widget_type=\"heading.default\">\n\t\t\t\t<div class=\"elementor-widget-container\">\n\t\t\t\t\t<h2 class=\"elementor-heading-title elementor-size-default\"><p>Skylinetrip est la premi\u00e8re plateforme de r\u00e9servation en ligne pour les exp\u00e9riences de voyage dans le monde arabe. En tant que place de march\u00e9 compl\u00e8te, nous mettons les voyageurs en contact avec les meilleurs h\u00f4tels, des circuits authentiques, des activit\u00e9s passionnantes, des locations de voitures et des services de transfert fiables dans l'ensemble de la r\u00e9gion arabe.<\/p><p>\n<\/p><p>Notre plateforme est sp\u00e9cialement con\u00e7ue pour pr\u00e9senter la diversit\u00e9 unique et le riche h\u00e9ritage de la culture, de l'histoire et de l'hospitalit\u00e9 l\u00e9gendaire des pays arabes. De l'horizon scintillant de Duba\u00ef aux anciennes merveilles des villes historiques de Syrie, en passant par les majestueuses pyramides d'\u00c9gypte, la ville rose de P\u00e9tra en Jordanie, les aventures dans le d\u00e9sert d'Arabie Saoudite, les montagnes de c\u00e8dre du Liban, les souks du Maroc, les tr\u00e9sors arch\u00e9ologiques d'Irak et les plages immacul\u00e9es de Tunisie, Skylinetrip vous offre tout ce dont vous avez besoin pour vivre un voyage inoubliable.<\/p><p>\n<\/p><p>Nous servons les voyageurs \u00e0 la recherche d'exp\u00e9riences authentiques au Moyen-Orient et en Afrique du Nord, notamment dans les \u00c9mirats arabes unis, en Arabie saoudite, en Jordanie, en \u00c9gypte, au Liban, en Syrie, en Irak, au Maroc, en Tunisie, en Alg\u00e9rie, en Libye, au Y\u00e9men, \u00e0 Oman, au Qatar, au Bahre\u00efn, au Kowe\u00eft, en Palestine et au Soudan. Chaque destination offre un m\u00e9lange unique d'histoire ancienne, de culture vibrante, de paysages \u00e9poustouflants et d'hospitalit\u00e9 chaleureuse.<\/p><p>\n<\/p><p>Gr\u00e2ce \u00e0 une connaissance approfondie des coutumes locales et \u00e0 un vaste r\u00e9seau de partenaires de confiance, nous proposons \u00e0 nos clients non seulement des services de r\u00e9servation, mais aussi des exp\u00e9riences de voyage authentiques qui capturent le c\u0153ur et l'\u00e2me du monde arabe.<\/p><\/h2>\t\t\t\t<\/div>\n\t\t\t\t<\/div>\n\t\t\t\t\t<\/div>\n\t\t<\/div>\n\t\t\t\t\t<\/div>\n\t\t<\/section>\n\t\t\t\t<section class=\"elementor-section elementor-top-section elementor-element elementor-element-6a5a94e3 elementor-section-boxed elementor-section-height-default elementor-section-height-default\" data-id=\"6a5a94e3\" data-element_type=\"section\">\n\t\t\t\t\t\t<div class=\"elementor-container elementor-column-gap-default\">\n\t\t\t\t\t<div class=\"elementor-column elementor-col-50 elementor-top-column elementor-element elementor-element-52410987\" data-id=\"52410987\" data-element_type=\"column\">\n\t\t\t<div class=\"elementor-widget-wrap elementor-element-populated\">\n\t\t\t\t\t\t<div class=\"elementor-element elementor-element-54e053c2 elementor-widget elementor-widget-heading\" data-id=\"54e053c2\" data-element_type=\"widget\" data-widget_type=\"heading.default\">\n\t\t\t\t<div class=\"elementor-widget-container\">\n\t\t\t\t\t<h2 class=\"elementor-heading-title elementor-size-default\">Notre mission<\/h2>\t\t\t\t<\/div>\n\t\t\t\t<\/div>\n\t\t\t\t<div class=\"elementor-element elementor-element-363cb770 elementor-widget elementor-widget-heading\" data-id=\"363cb770\" data-element_type=\"widget\" data-widget_type=\"heading.default\">\n\t\t\t\t<div class=\"elementor-widget-container\">\n\t\t\t\t\t<h2 class=\"elementor-heading-title elementor-size-default\"><p class=\"whitespace-normal break-words\">Chez Skylinetrip, notre mission est de d\u00e9verrouiller les portes des fascinants pays arabes et de permettre \u00e0 chaque voyageur de d\u00e9couvrir l'extraordinaire beaut\u00e9, la riche culture et l'hospitalit\u00e9 l\u00e9gendaire de cette remarquable r\u00e9gion.<\/p>\n<p class=\"whitespace-normal break-words\">Nous nous effor\u00e7ons d'\u00eatre la principale plateforme de voyage pour le monde arabe :<\/p>\n<ul class=\"[&amp;:not(:last-child)_ul]:pb-1 [&amp;:not(:last-child)_ol]:pb-1 list-disc space-y-1.5 pl-7\">\n<li class=\"whitespace-normal break-words\"><strong>Cr\u00e9er des exp\u00e9riences authentiques<\/strong> qui mettent en valeur l'essence m\u00eame de la culture et de l'h\u00e9ritage arabes.<\/li>\n<li class=\"whitespace-normal break-words\"><strong>Cr\u00e9er des exp\u00e9riences de r\u00e9servation transparentes<\/strong> qui garantissent la confiance, la s\u00e9curit\u00e9 et la tranquillit\u00e9 d'esprit<\/li>\n<li class=\"whitespace-normal break-words\"><strong>Soutenir les communaut\u00e9s locales<\/strong> et promouvoir un tourisme durable et responsable<\/li>\n<li class=\"whitespace-normal break-words\"><strong>Construire des ponts culturels<\/strong> entre les voyageurs et les peuples accueillants du monde arabe<\/li>\n<li class=\"whitespace-normal break-words\"><strong>Pr\u00e9server et c\u00e9l\u00e9brer les<\/strong> diverses traditions, langues et coutumes de chaque nation<\/li>\n<li class=\"whitespace-normal break-words\">Rendre <strong>les voyages accessibles \u00e0<\/strong> des destinations souvent n\u00e9glig\u00e9es par le tourisme traditionnel<\/li><\/ul><\/h2>\t\t\t\t<\/div>\n\t\t\t\t<\/div>\n\t\t\t\t\t<\/div>\n\t\t<\/div>\n\t\t\t\t<div class=\"elementor-column elementor-col-50 elementor-top-column elementor-element elementor-element-3acbe6d7\" data-id=\"3acbe6d7\" data-element_type=\"column\">\n\t\t\t<div class=\"elementor-widget-wrap elementor-element-populated\">\n\t\t\t\t\t\t<div class=\"elementor-element elementor-element-9492c90 elementor-widget elementor-widget-heading\" data-id=\"9492c90\" data-element_type=\"widget\" data-widget_type=\"heading.default\">\n\t\t\t\t<div class=\"elementor-widget-container\">\n\t\t\t\t\t<h2 class=\"elementor-heading-title elementor-size-default\">Notre vision<\/h2>\t\t\t\t<\/div>\n\t\t\t\t<\/div>\n\t\t\t\t<div class=\"elementor-element elementor-element-8ba4a4c elementor-widget elementor-widget-heading\" data-id=\"8ba4a4c\" data-element_type=\"widget\" data-widget_type=\"heading.default\">\n\t\t\t\t<div class=\"elementor-widget-container\">\n\t\t\t\t\t<h2 class=\"elementor-heading-title elementor-size-default\"><p>Notre vision est de devenir le premier choix pour tous ceux qui cherchent \u00e0 d\u00e9couvrir les merveilles des nations arabes. Nous envisageons un avenir o\u00f9 les voyages dans la r\u00e9gion arabe ne sont pas seulement simples et accessibles, mais cr\u00e9ent \u00e9galement des exp\u00e9riences transformatrices qui favorisent la compr\u00e9hension, le respect, l'appr\u00e9ciation culturelle et des souvenirs qui durent toute la vie.<\/p><p>Des march\u00e9s anim\u00e9s de Damas et d'Alep, qui accueillent \u00e0 nouveau les visiteurs, aux ruines antiques de Palmyre, en passant par la beaut\u00e9 de la c\u00f4te de Lattaqui\u00e9, les merveilles modernes des \u00c9tats du Golfe, le flux \u00e9ternel du Nil \u00e0 travers l'\u00c9gypte, les villages de montagne du Liban, les ch\u00e2teaux du d\u00e9sert de Jordanie et les montagnes de l'Atlas en Afrique du Nord, nous nous engageons \u00e0 pr\u00e9senter tout l'\u00e9ventail des destinations arabes.<\/p>Gr\u00e2ce \u00e0 une technologie innovante, un service personnalis\u00e9 et une expertise culturelle approfondie, nous travaillons \u00e0 cr\u00e9er un monde o\u00f9 chaque voyage dans les pays arabes devient un voyage de d\u00e9couverte qui va bien au-del\u00e0 du voyage ordinaire, reliant les c\u0153urs et les esprits \u00e0 travers les cultures tout en contribuant au d\u00e9veloppement \u00e9conomique et \u00e0 la pr\u00e9servation culturelle de ces terres historiques.<\/h2>\t\t\t\t<\/div>\n\t\t\t\t<\/div>\n\t\t\t\t\t<\/div>\n\t\t<\/div>\n\t\t\t\t\t<\/div>\n\t\t<\/section>\n\t\t\t\t<section class=\"elementor-section elementor-top-section elementor-element elementor-element-3f140f7e elementor-section-boxed elementor-section-height-default elementor-section-height-default\" data-id=\"3f140f7e\" data-element_type=\"section\" data-settings=\"{&quot;background_background&quot;:&quot;classic&quot;}\">\n\t\t\t\t\t\t<div class=\"elementor-container elementor-column-gap-default\">\n\t\t\t\t\t<div class=\"elementor-column elementor-col-100 elementor-top-column elementor-element elementor-element-19e07eda\" data-id=\"19e07eda\" data-element_type=\"column\">\n\t\t\t<div class=\"elementor-widget-wrap elementor-element-populated\">\n\t\t\t\t\t\t<div class=\"elementor-element elementor-element-393379d9 elementor-widget elementor-widget-heading\" data-id=\"393379d9\" data-element_type=\"widget\" data-widget_type=\"heading.default\">\n\t\t\t\t<div class=\"elementor-widget-container\">\n\t\t\t\t\t<h2 class=\"elementor-heading-title elementor-size-default\">Ce que disent nos clients<\/h2>\t\t\t\t<\/div>\n\t\t\t\t<\/div>\n\t\t\t\t<div class=\"elementor-element elementor-element-5284cf5f elementor-widget elementor-widget-st_testimonial\" data-id=\"5284cf5f\" data-element_type=\"widget\" data-settings=\"{&quot;slides_per_view&quot;:&quot;2&quot;}\" data-widget_type=\"st_testimonial.default\">\n\t\t\t\t<div class=\"elementor-widget-container\">\n\t\t\t\t\t<div class=\"st-testimonial-modern-slider\">\r\n    <div class=\"st-testimonial\" data-effect=\"creative\" data-slides-per-view=\"2\" data-pagination=\"on\" data-navigation=\"on\" data-auto-play=\"off\" data-loop=\"true\" data-delay=\"\">\r\n        <div class=\"service-testimonial-wrapper swiper-container\">\r\n\t\t\t<div class=\"swiper-wrapper\">\r\n                            <div class=\"swiper-slide\">\r\n                    <div class=\"item\">\r\n\r\n                        \r\n                        <p class=\"st-content st-content-lib\">\r\n                                                    <\/p>\r\n                        <div class=\"author-meta author-meta-lib\">\r\n                                                                    <i class=\"review-testimonial stt-icon-star1\"><\/i>\r\n                                                                            <i class=\"review-testimonial stt-icon-star1\"><\/i>\r\n                                                                            <i class=\"review-testimonial stt-icon-star1\"><\/i>\r\n                                                                            <i class=\"review-testimonial stt-icon-star1\"><\/i>\r\n                                                                            <i class=\"review-testimonial stt-icon-star1\"><\/i>\r\n                                                                \r\n                            \r\n                        <\/div>\r\n                    <\/div>\r\n                <\/div>\r\n            \t\t\t<\/div>\r\n        <\/div>\r\n\t\t\t\t<div class=\"swiper-pagination\"><\/div>\r\n\t\t\t\t\t<div class=\"st-button-prev\"><span class=\"stt-icon stt-icon-arrow-left\"><\/span><\/div><div class=\"st-button-next\"><span class=\"stt-icon stt-icon-arrow-right\"><\/span><\/div>\r\n\t\t    <\/div>\r\n<\/div>\r\n\r\n\r\n\t\t\t\t<\/div>\n\t\t\t\t<\/div>\n\t\t\t\t\t<\/div>\n\t\t<\/div>\n\t\t\t\t\t<\/div>\n\t\t<\/section>\n\t\t\t\t<\/div>\n\t\t","protected":false},"excerpt":{"rendered":"<p>A propos de l&rsquo;entreprise Skylinetrip est la premi\u00e8re plateforme de r\u00e9servation en ligne pour les exp\u00e9riences de voyage dans le monde arabe. En tant que place de march\u00e9 compl\u00e8te, nous mettons les voyageurs en contact avec les meilleurs h\u00f4tels, des circuits authentiques, des activit\u00e9s passionnantes, des locations de voitures et des services de transfert fiables [&hellip;]<\/p>\n","protected":false},"author":1,"featured_media":0,"parent":0,"menu_order":0,"comment_status":"closed","ping_status":"closed","template":"template-blank.php","meta":{"footnotes":""},"class_list":["post-15593","page","type-page","status-publish","has-post-thumbnail","hentry"],"ams_acf":[],"_links":{"self":[{"href":"https:\/\/odaimos.mtsdevelopers.com\/fr\/wp-json\/wp\/v2\/pages\/15593","targetHints":{"allow":["GET"]}}],"collection":[{"href":"https:\/\/odaimos.mtsdevelopers.com\/fr\/wp-json\/wp\/v2\/pages"}],"about":[{"href":"https:\/\/odaimos.mtsdevelopers.com\/fr\/wp-json\/wp\/v2\/types\/page"}],"author":[{"embeddable":true,"href":"https:\/\/odaimos.mtsdevelopers.com\/fr\/wp-json\/wp\/v2\/users\/1"}],"replies":[{"embeddable":true,"href":"https:\/\/odaimos.mtsdevelopers.com\/fr\/wp-json\/wp\/v2\/comments?post=15593"}],"version-history":[{"count":0,"href":"https:\/\/odaimos.mtsdevelopers.com\/fr\/wp-json\/wp\/v2\/pages\/15593\/revisions"}],"wp:attachment":[{"href":"https:\/\/odaimos.mtsdevelopers.com\/fr\/wp-json\/wp\/v2\/media?parent=15593"}],"curies":[{"name":"wp","href":"https:\/\/api.w.org\/{rel}","templated":true}]}}