{"id":15577,"date":"2022-04-16T23:51:28","date_gmt":"2022-04-16T23:51:28","guid":{"rendered":"https:\/\/odaimos.mtsdevelopers.com\/ueber\/"},"modified":"2025-08-13T10:17:28","modified_gmt":"2025-08-13T10:17:28","slug":"ueber","status":"publish","type":"page","link":"https:\/\/odaimos.mtsdevelopers.com\/de\/ueber\/","title":{"rendered":"\u00dcber"},"content":{"rendered":"\t\t<div data-elementor-type=\"wp-page\" data-elementor-id=\"15577\" class=\"elementor elementor-15577 elementor-807\">\n\t\t\t\t\t\t<section class=\"elementor-section elementor-top-section elementor-element elementor-element-1e2f5304 elementor-section-boxed elementor-section-height-default elementor-section-height-default\" data-id=\"1e2f5304\" data-element_type=\"section\">\n\t\t\t\t\t\t<div class=\"elementor-container elementor-column-gap-default\">\n\t\t\t\t\t<div class=\"elementor-column elementor-col-100 elementor-top-column elementor-element elementor-element-6aae9b20\" data-id=\"6aae9b20\" data-element_type=\"column\">\n\t\t\t<div class=\"elementor-widget-wrap elementor-element-populated\">\n\t\t\t\t\t\t<div class=\"elementor-element elementor-element-4bbaade elementor-widget elementor-widget-heading\" data-id=\"4bbaade\" data-element_type=\"widget\" data-widget_type=\"heading.default\">\n\t\t\t\t<div class=\"elementor-widget-container\">\n\t\t\t\t\t<h2 class=\"elementor-heading-title elementor-size-default\">\u00dcber das Unternehmen<\/h2>\t\t\t\t<\/div>\n\t\t\t\t<\/div>\n\t\t\t\t<div class=\"elementor-element elementor-element-2eecd387 elementor-widget elementor-widget-heading\" data-id=\"2eecd387\" data-element_type=\"widget\" data-widget_type=\"heading.default\">\n\t\t\t\t<div class=\"elementor-widget-container\">\n\t\t\t\t\t<h2 class=\"elementor-heading-title elementor-size-default\"><p>Skylinetrip ist die f\u00fchrende Online-Buchungsplattform f\u00fcr Reiseerlebnisse in der arabischen Welt. Als umfassender Reisemarktplatz bringen wir Reisende mit den besten Hotels, authentischen Touren, aufregenden Aktivit\u00e4ten, Autovermietungen und zuverl\u00e4ssigen Transferservices in der gesamten arabischen Region zusammen.<\/p><p>\n<\/p><p>Unsere Plattform ist speziell darauf ausgerichtet, die einzigartige Vielfalt und das reiche Erbe der arabischen Kultur, Geschichte und legend\u00e4ren Gastfreundschaft zu pr\u00e4sentieren. Von den glitzernden Skylines Dubais und den antiken Wundern der historischen St\u00e4dte Syriens \u00fcber die majest\u00e4tischen Pyramiden \u00c4gyptens, die rosarote Stadt Petra in Jordanien, die W\u00fcstenabenteuer Saudi-Arabiens, die Zedernberge des Libanon, die Souks Marokkos, die arch\u00e4ologischen Sch\u00e4tze des Irak und die unber\u00fchrten Str\u00e4nde Tunesiens - Skylinetrip bietet alles, was Sie f\u00fcr eine unvergessliche Reise brauchen.<\/p><p>\n<\/p><p>Wir bedienen Reisende, die authentische Erlebnisse im gesamten Nahen Osten und Nordafrika suchen, einschlie\u00dflich der Vereinigten Arabischen Emirate, Saudi-Arabien, Jordanien, \u00c4gypten, Libanon, Syrien, Irak, Marokko, Tunesien, Algerien, Libyen, Jemen, Oman, Katar, Bahrain, Kuwait, Pal\u00e4stina und Sudan. Jedes Reiseziel bietet seine eigene einzigartige Mischung aus alter Geschichte, lebendiger Kultur, atemberaubenden Landschaften und herzlicher Gastfreundschaft.<\/p><p>\n<\/p><p>Mit einem tiefgreifenden Verst\u00e4ndnis der lokalen Gepflogenheiten und einem umfangreichen Netzwerk von vertrauensw\u00fcrdigen Partnern bieten wir unseren Kunden nicht nur Buchungsdienste, sondern echte Reiseerlebnisse, die das Herz und die Seele der arabischen Welt einfangen.<\/p><\/h2>\t\t\t\t<\/div>\n\t\t\t\t<\/div>\n\t\t\t\t\t<\/div>\n\t\t<\/div>\n\t\t\t\t\t<\/div>\n\t\t<\/section>\n\t\t\t\t<section class=\"elementor-section elementor-top-section elementor-element elementor-element-6a5a94e3 elementor-section-boxed elementor-section-height-default elementor-section-height-default\" data-id=\"6a5a94e3\" data-element_type=\"section\">\n\t\t\t\t\t\t<div class=\"elementor-container elementor-column-gap-default\">\n\t\t\t\t\t<div class=\"elementor-column elementor-col-50 elementor-top-column elementor-element elementor-element-52410987\" data-id=\"52410987\" data-element_type=\"column\">\n\t\t\t<div class=\"elementor-widget-wrap elementor-element-populated\">\n\t\t\t\t\t\t<div class=\"elementor-element elementor-element-54e053c2 elementor-widget elementor-widget-heading\" data-id=\"54e053c2\" data-element_type=\"widget\" data-widget_type=\"heading.default\">\n\t\t\t\t<div class=\"elementor-widget-container\">\n\t\t\t\t\t<h2 class=\"elementor-heading-title elementor-size-default\">Unser Auftrag<\/h2>\t\t\t\t<\/div>\n\t\t\t\t<\/div>\n\t\t\t\t<div class=\"elementor-element elementor-element-363cb770 elementor-widget elementor-widget-heading\" data-id=\"363cb770\" data-element_type=\"widget\" data-widget_type=\"heading.default\">\n\t\t\t\t<div class=\"elementor-widget-container\">\n\t\t\t\t\t<h2 class=\"elementor-heading-title elementor-size-default\"><p class=\"whitespace-normal break-words\">Wir von Skylinetrip haben es uns zur Aufgabe gemacht, die T\u00fcren zu den faszinierenden arabischen L\u00e4ndern zu \u00f6ffnen und es jedem Reisenden zu erm\u00f6glichen, die au\u00dfergew\u00f6hnliche Sch\u00f6nheit, die reiche Kultur und die legend\u00e4re Gastfreundschaft dieser bemerkenswerten Region zu erleben.<\/p>\n<p class=\"whitespace-normal break-words\">Wir sind bestrebt, die f\u00fchrende Reiseplattform f\u00fcr die arabische Welt zu sein, indem wir:<\/p>\n<ul class=\"[&amp;:not(:last-child)_ul]:pb-1 [&amp;:not(:last-child)_ol]:pb-1 list-disc space-y-1.5 pl-7\">\n<li class=\"whitespace-normal break-words\"><strong>Wir kuratieren authentische Erlebnisse<\/strong>, die die wahre Essenz der arabischen Kultur und des arabischen Erbes zeigen.<\/li>\n<li class=\"whitespace-normal break-words\"><strong>Nahtlose Buchungserlebnisse schaffen<\/strong>, die Vertrauen, Sicherheit und Seelenfrieden gew\u00e4hrleisten<\/li>\n<li class=\"whitespace-normal break-words\"><strong>Unterst\u00fctzung lokaler Gemeinschaften<\/strong> und F\u00f6rderung eines nachhaltigen, verantwortungsvollen Tourismus<\/li>\n<li class=\"whitespace-normal break-words\"><strong>Kulturelle Br\u00fccken<\/strong> zwischen Reisenden und den gastfreundlichen Menschen in der arabischen Welt <strong>bauen<\/strong> <\/li>\n<li class=\"whitespace-normal break-words\"><strong>Bewahrung und W\u00fcrdigung<\/strong> der verschiedenen Traditionen, Sprachen und Br\u00e4uche der einzelnen Nationen<\/li>\n<li class=\"whitespace-normal break-words\">Erschlie\u00dfung <strong>von Reisezielen<\/strong>, die vom Mainstream-Tourismus oft \u00fcbersehen werden<\/li><\/ul><\/h2>\t\t\t\t<\/div>\n\t\t\t\t<\/div>\n\t\t\t\t\t<\/div>\n\t\t<\/div>\n\t\t\t\t<div class=\"elementor-column elementor-col-50 elementor-top-column elementor-element elementor-element-3acbe6d7\" data-id=\"3acbe6d7\" data-element_type=\"column\">\n\t\t\t<div class=\"elementor-widget-wrap elementor-element-populated\">\n\t\t\t\t\t\t<div class=\"elementor-element elementor-element-9492c90 elementor-widget elementor-widget-heading\" data-id=\"9492c90\" data-element_type=\"widget\" data-widget_type=\"heading.default\">\n\t\t\t\t<div class=\"elementor-widget-container\">\n\t\t\t\t\t<h2 class=\"elementor-heading-title elementor-size-default\">Unsere Vision<\/h2>\t\t\t\t<\/div>\n\t\t\t\t<\/div>\n\t\t\t\t<div class=\"elementor-element elementor-element-8ba4a4c elementor-widget elementor-widget-heading\" data-id=\"8ba4a4c\" data-element_type=\"widget\" data-widget_type=\"heading.default\">\n\t\t\t\t<div class=\"elementor-widget-container\">\n\t\t\t\t\t<h2 class=\"elementor-heading-title elementor-size-default\"><p>Unsere Vision ist es, die erste Wahl f\u00fcr alle zu werden, die die Wunder der arabischen L\u00e4nder entdecken m\u00f6chten. Wir stellen uns eine Zukunft vor, in der Reisen in die arabische Region nicht nur einfach und zug\u00e4nglich sind, sondern auch transformative Erfahrungen schaffen, die Verst\u00e4ndnis, Respekt, kulturelle Wertsch\u00e4tzung und lebenslange Erinnerungen f\u00f6rdern.<\/p><p>Von den gesch\u00e4ftigen M\u00e4rkten von Damaskus und Aleppo, wenn sie wieder Besucher willkommen hei\u00dfen, \u00fcber die antiken Ruinen von Palmyra, die Sch\u00f6nheit der K\u00fcste von Latakia, die modernen Wunder der Golfstaaten, den ewigen Fluss des Nils in \u00c4gypten, die Bergd\u00f6rfer im Libanon, die W\u00fcstenschl\u00f6sser in Jordanien und das Atlasgebirge in Nordafrika - wir haben es uns zur Aufgabe gemacht, das gesamte Spektrum der arabischen Reiseziele zu zeigen.<\/p>Mit innovativer Technologie, pers\u00f6nlichem Service und fundiertem kulturellem Fachwissen arbeiten wir daran, eine Welt zu schaffen, in der jede Reise in die arabischen L\u00e4nder zu einer Entdeckungsreise wird, die weit \u00fcber eine gew\u00f6hnliche Reise hinausgeht, die Herzen und K\u00f6pfe \u00fcber Kulturen hinweg verbindet und gleichzeitig zur wirtschaftlichen Entwicklung und kulturellen Erhaltung dieser historischen L\u00e4nder beitr\u00e4gt.<\/h2>\t\t\t\t<\/div>\n\t\t\t\t<\/div>\n\t\t\t\t\t<\/div>\n\t\t<\/div>\n\t\t\t\t\t<\/div>\n\t\t<\/section>\n\t\t\t\t<section class=\"elementor-section elementor-top-section elementor-element elementor-element-3f140f7e elementor-section-boxed elementor-section-height-default elementor-section-height-default\" data-id=\"3f140f7e\" data-element_type=\"section\" data-settings=\"{&quot;background_background&quot;:&quot;classic&quot;}\">\n\t\t\t\t\t\t<div class=\"elementor-container elementor-column-gap-default\">\n\t\t\t\t\t<div class=\"elementor-column elementor-col-100 elementor-top-column elementor-element elementor-element-19e07eda\" data-id=\"19e07eda\" data-element_type=\"column\">\n\t\t\t<div class=\"elementor-widget-wrap elementor-element-populated\">\n\t\t\t\t\t\t<div class=\"elementor-element elementor-element-393379d9 elementor-widget elementor-widget-heading\" data-id=\"393379d9\" data-element_type=\"widget\" data-widget_type=\"heading.default\">\n\t\t\t\t<div class=\"elementor-widget-container\">\n\t\t\t\t\t<h2 class=\"elementor-heading-title elementor-size-default\">Was unsere Kunden sagen<\/h2>\t\t\t\t<\/div>\n\t\t\t\t<\/div>\n\t\t\t\t<div class=\"elementor-element elementor-element-5284cf5f elementor-widget elementor-widget-st_testimonial\" data-id=\"5284cf5f\" data-element_type=\"widget\" data-settings=\"{&quot;slides_per_view&quot;:&quot;2&quot;}\" data-widget_type=\"st_testimonial.default\">\n\t\t\t\t<div class=\"elementor-widget-container\">\n\t\t\t\t\t<div class=\"st-testimonial-modern-slider\">\r\n    <div class=\"st-testimonial\" data-effect=\"creative\" data-slides-per-view=\"2\" data-pagination=\"on\" data-navigation=\"on\" data-auto-play=\"off\" data-loop=\"true\" data-delay=\"\">\r\n        <div class=\"service-testimonial-wrapper swiper-container\">\r\n\t\t\t<div class=\"swiper-wrapper\">\r\n                            <div class=\"swiper-slide\">\r\n                    <div class=\"item\">\r\n\r\n                        \r\n                        <p class=\"st-content st-content-lib\">\r\n                                                    <\/p>\r\n                        <div class=\"author-meta author-meta-lib\">\r\n                                                                    <i class=\"review-testimonial stt-icon-star1\"><\/i>\r\n                                                                            <i class=\"review-testimonial stt-icon-star1\"><\/i>\r\n                                                                            <i class=\"review-testimonial stt-icon-star1\"><\/i>\r\n                                                                            <i class=\"review-testimonial stt-icon-star1\"><\/i>\r\n                                                                            <i class=\"review-testimonial stt-icon-star1\"><\/i>\r\n                                                                \r\n                            \r\n                        <\/div>\r\n                    <\/div>\r\n                <\/div>\r\n            \t\t\t<\/div>\r\n        <\/div>\r\n\t\t\t\t<div class=\"swiper-pagination\"><\/div>\r\n\t\t\t\t\t<div class=\"st-button-prev\"><span class=\"stt-icon stt-icon-arrow-left\"><\/span><\/div><div class=\"st-button-next\"><span class=\"stt-icon stt-icon-arrow-right\"><\/span><\/div>\r\n\t\t    <\/div>\r\n<\/div>\r\n\r\n\r\n\t\t\t\t<\/div>\n\t\t\t\t<\/div>\n\t\t\t\t\t<\/div>\n\t\t<\/div>\n\t\t\t\t\t<\/div>\n\t\t<\/section>\n\t\t\t\t<\/div>\n\t\t","protected":false},"excerpt":{"rendered":"<p>\u00dcber das Unternehmen Skylinetrip ist die f\u00fchrende Online-Buchungsplattform f\u00fcr Reiseerlebnisse in der arabischen Welt. Als umfassender Reisemarktplatz bringen wir Reisende mit den besten Hotels, authentischen Touren, aufregenden Aktivit\u00e4ten, Autovermietungen und zuverl\u00e4ssigen Transferservices in der gesamten arabischen Region zusammen. Unsere Plattform ist speziell darauf ausgerichtet, die einzigartige Vielfalt und das reiche Erbe der arabischen Kultur, Geschichte [&hellip;]<\/p>\n","protected":false},"author":1,"featured_media":0,"parent":0,"menu_order":0,"comment_status":"closed","ping_status":"closed","template":"template-blank.php","meta":{"footnotes":""},"class_list":["post-15577","page","type-page","status-publish","has-post-thumbnail","hentry"],"ams_acf":[],"_links":{"self":[{"href":"https:\/\/odaimos.mtsdevelopers.com\/de\/wp-json\/wp\/v2\/pages\/15577","targetHints":{"allow":["GET"]}}],"collection":[{"href":"https:\/\/odaimos.mtsdevelopers.com\/de\/wp-json\/wp\/v2\/pages"}],"about":[{"href":"https:\/\/odaimos.mtsdevelopers.com\/de\/wp-json\/wp\/v2\/types\/page"}],"author":[{"embeddable":true,"href":"https:\/\/odaimos.mtsdevelopers.com\/de\/wp-json\/wp\/v2\/users\/1"}],"replies":[{"embeddable":true,"href":"https:\/\/odaimos.mtsdevelopers.com\/de\/wp-json\/wp\/v2\/comments?post=15577"}],"version-history":[{"count":0,"href":"https:\/\/odaimos.mtsdevelopers.com\/de\/wp-json\/wp\/v2\/pages\/15577\/revisions"}],"wp:attachment":[{"href":"https:\/\/odaimos.mtsdevelopers.com\/de\/wp-json\/wp\/v2\/media?parent=15577"}],"curies":[{"name":"wp","href":"https:\/\/api.w.org\/{rel}","templated":true}]}}