{"id":15285,"date":"2025-06-28T08:20:32","date_gmt":"2025-06-28T08:20:32","guid":{"rendered":"https:\/\/odaimos.mtsdevelopers.com\/allgemeine-geschaeftsbedingungen\/"},"modified":"2025-08-13T10:14:56","modified_gmt":"2025-08-13T10:14:56","slug":"allgemeine-geschaeftsbedingungen","status":"publish","type":"page","link":"https:\/\/odaimos.mtsdevelopers.com\/de\/allgemeine-geschaeftsbedingungen\/","title":{"rendered":"Allgemeine Gesch\u00e4ftsbedingungen"},"content":{"rendered":"\n<div class=\"wp-block-group alignfull has-background-background-color has-background\" style=\"margin-top:0;margin-bottom:0;padding-top:var(--wp--preset--spacing--60);padding-right:var(--wp--preset--spacing--30);padding-bottom:var(--wp--preset--spacing--60);padding-left:var(--wp--preset--spacing--30)\"><div class=\"wp-block-group__inner-container is-layout-constrained wp-container-core-group-is-layout-512a02c9 wp-block-group-is-layout-constrained\">\n<h2 class=\"wp-block-heading has-text-align-center has-large-font-size\">Verstehen Sie die Bedingungen f\u00fcr Ihre Nutzung dieser Website<\/h2>\n\n\n\n<p class=\"has-text-align-center\" style=\"margin-top:16px\">Auf dieser Seite werden die Bedingungen f\u00fcr die Nutzung der Website dargelegt, um Klarheit und gegenseitiges Verst\u00e4ndnis zwischen der Plattform und ihren Nutzern zu gew\u00e4hrleisten.<\/p>\n\n\n<div class=\"wp-block-image extendify-image-import is-style-default\">\n<figure class=\"aligncenter size-large\"><img decoding=\"async\" src=\"https:\/\/images.unsplash.com\/photo-1637763723578-79a4ca9225f7?ixid=M3w0MzUxNjF8MHwxfHNlYXJjaHwxfHxsZWdhbCUyMGFncmVlbWVudHxlbnwwfHx8fDE3NTEwMjk3MjZ8MA&amp;ixlib=rb-4.1.0&amp;orientation=landscape?fit=crop&amp;crop=entropy%2Cfaces&amp;auto=format%2Ccompress&amp;w=1280\" alt=\"\" style=\"aspect-ratio:16\/9;object-fit:cover\"\/><\/figure><\/div><\/div><\/div>\n\n<div class=\"wp-block-group alignfull has-tertiary-background-color has-background\" style=\"margin-top:0;margin-bottom:0;padding-top:var(--wp--preset--spacing--60);padding-right:var(--wp--preset--spacing--30);padding-bottom:var(--wp--preset--spacing--60);padding-left:var(--wp--preset--spacing--30)\"><div class=\"wp-block-group__inner-container is-layout-constrained wp-container-core-group-is-layout-392eb801 wp-block-group-is-layout-constrained\">\n<div class=\"wp-block-group alignwide is-content-justification-center\" style=\"margin-bottom:var(--wp--preset--spacing--30)\"><div class=\"wp-block-group__inner-container is-layout-constrained wp-block-group-is-layout-constrained\">\n<h2 class=\"wp-block-heading has-text-align-center has-large-font-size\">Wie lauten die Nutzungsbedingungen f\u00fcr die Nutzung dieser Website?<\/h2>\n\n\n\n<p class=\"has-text-align-center\" style=\"margin-top:16px\">In diesem Abschnitt werden die wichtigsten Bedingungen und Konditionen erl\u00e4utert, um sicherzustellen, dass die Nutzer ihre Rechte und Pflichten bei der Nutzung unserer Plattform verstehen.<\/p>\n<\/div><\/div>\n\n\n\n<div class=\"wp-block-group\" style=\"border-bottom-color:var(--wp--preset--color--tertiary);border-bottom-width:1px;margin-top:0;padding-top:var(--wp--preset--spacing--30);padding-bottom:var(--wp--preset--spacing--30)\"><div class=\"wp-block-group__inner-container is-layout-constrained wp-block-group-is-layout-constrained\">\n<h4 class=\"wp-block-heading has-medium-font-size\">Wer kann auf diese Website zugreifen und sie nutzen?<\/h4>\n\n\n\n<p class=\"has-small-font-size\" style=\"margin-top:12px\">Der Zugang wird Nutzern gew\u00e4hrt, die sich zur Einhaltung unserer Bedingungen und der geltenden Gesetze verpflichten.<\/p>\n<\/div><\/div>\n\n\n\n<div class=\"wp-block-group\" style=\"border-bottom-color:var(--wp--preset--color--tertiary);border-bottom-width:1px;margin-top:0;padding-top:var(--wp--preset--spacing--30);padding-bottom:var(--wp--preset--spacing--30)\"><div class=\"wp-block-group__inner-container is-layout-constrained wp-block-group-is-layout-constrained\">\n<h4 class=\"wp-block-heading has-medium-font-size\">Wie werden die Benutzerdaten auf dieser Website behandelt?<\/h4>\n\n\n\n<p class=\"has-small-font-size\" style=\"margin-top:12px\">Wir sammeln und sch\u00fctzen pers\u00f6nliche Daten in \u00dcbereinstimmung mit unseren Datenschutzrichtlinien.<\/p>\n<\/div><\/div>\n\n\n\n<div class=\"wp-block-group\" style=\"border-bottom-color:var(--wp--preset--color--tertiary);border-bottom-width:1px;margin-top:0;padding-top:var(--wp--preset--spacing--30);padding-bottom:var(--wp--preset--spacing--30)\"><div class=\"wp-block-group__inner-container is-layout-constrained wp-block-group-is-layout-constrained\">\n<h4 class=\"wp-block-heading has-medium-font-size\">Welche Einschr\u00e4nkungen gibt es bei der Nutzung von Inhalten?<\/h4>\n\n\n\n<p class=\"has-small-font-size\" style=\"margin-top:12px\">Der Inhalt ist nur f\u00fcr den pers\u00f6nlichen Gebrauch bestimmt und darf ohne Genehmigung nicht vervielf\u00e4ltigt werden.<\/p>\n<\/div><\/div>\n\n\n\n<div class=\"wp-block-group\" style=\"margin-top:0;padding-top:var(--wp--preset--spacing--30);padding-bottom:0\"><div class=\"wp-block-group__inner-container is-layout-constrained wp-block-group-is-layout-constrained\">\n<h4 class=\"wp-block-heading has-medium-font-size\">Wie k\u00f6nnen Benutzer ihr Konto k\u00fcndigen?<\/h4>\n\n\n\n<p class=\"has-small-font-size\" style=\"margin-top:12px\">Benutzer k\u00f6nnen ihre Konten jederzeit gem\u00e4\u00df den beschriebenen Verfahren deaktivieren.<\/p>\n<\/div><\/div>\n<\/div><\/div>\n\n<div class=\"wp-block-group alignfull has-background-background-color has-background\" style=\"margin-top:0;margin-bottom:0;padding-top:var(--wp--preset--spacing--60);padding-right:var(--wp--preset--spacing--30);padding-bottom:var(--wp--preset--spacing--60);padding-left:var(--wp--preset--spacing--30)\"><div class=\"wp-block-group__inner-container is-layout-constrained wp-container-core-group-is-layout-392eb801 wp-block-group-is-layout-constrained\">\n<div class=\"wp-block-group alignwide is-vertical is-layout-flex wp-container-core-group-is-layout-8cf370e7 wp-block-group-is-layout-flex\">\n<div class=\"wp-block-group alignwide is-content-justification-left\"><div class=\"wp-block-group__inner-container is-layout-constrained wp-container-core-group-is-layout-eded1d97 wp-block-group-is-layout-constrained\">\n<h2 class=\"wp-block-heading has-large-font-size\">Vereinbarung \u00fcber die Nutzungsbedingungen<\/h2>\n\n\n\n<p style=\"margin-top:16px\">Auf dieser Seite werden die Bedingungen f\u00fcr die Nutzung der Website dargelegt, um Klarheit und gegenseitiges Verst\u00e4ndnis zwischen der Plattform und ihren Nutzern zu gew\u00e4hrleisten.<\/p>\n<\/div><\/div>\n<\/div>\n\n\n\n<div class=\"wp-block-columns alignwide is-layout-flex wp-container-core-columns-is-layout-54975717 wp-block-columns-is-layout-flex\">\n<div class=\"wp-block-column is-layout-flow wp-block-column-is-layout-flow\">\n<div class=\"wp-block-group has-tertiary-background-color has-background\" style=\"border-radius:4px;min-height:100%;padding-top:var(--wp--preset--spacing--30);padding-right:var(--wp--preset--spacing--30);padding-bottom:var(--wp--preset--spacing--30);padding-left:var(--wp--preset--spacing--30)\"><div class=\"wp-block-group__inner-container is-layout-constrained wp-container-core-group-is-layout-0cc5ead4 wp-block-group-is-layout-constrained\">\n<figure class=\"wp-block-image size-large ext-aspect-landscape extendify-image-import wp-duotone-varpresetduotoneprimary-foreground-1\"><img decoding=\"async\" src=\"data:image\/svg+xml;base64,PHN2ZyB4bWxucz0iaHR0cDovL3d3dy53My5vcmcvMjAwMC9zdmciIHdpZHRoPSI0OCIgaGVpZ2h0PSI0OCIgZmlsbD0ibm9uZSIgdmlld0JveD0iMCAwIDQ4IDQ4Ij48bWFzayBpZD0iYSIgd2lkdGg9IjQ4IiBoZWlnaHQ9IjQ4IiB4PSIwIiB5PSIwIiBtYXNrVW5pdHM9InVzZXJTcGFjZU9uVXNlIiBzdHlsZT0ibWFzay10eXBlOmFscGhhIj48cGF0aCBmaWxsPSIjRDlEOUQ5IiBkPSJNMCAwaDQ4djQ4SDB6Ii8+PC9tYXNrPjxnIG1hc2s9InVybCgjYSkiPjxwYXRoIGZpbGw9IiMxQzFCMUYiIGQ9Ik0xNS45NSAzNS41aDE2LjF2LTNoLTE2LjF2M1ptMC04LjVoMTYuMXYtM2gtMTYuMXYzWk0xMSA0NGMtLjggMC0xLjUtLjMtMi4xLS45LS42LS42LS45LTEuMy0uOS0yLjFWN2MwLS44LjMtMS41LjktMi4xLjYtLjYgMS4zLS45IDIuMS0uOWgxOC4wNUw0MCAxNC45NVY0MWMwIC44LS4zIDEuNS0uOSAyLjEtLjYuNi0xLjMuOS0yLjEuOUgxMVptMTYuNTUtMjcuN1Y3SDExdjM0aDI2VjE2LjNoLTkuNDVaIi8+PC9nPjwvc3ZnPg==\" alt=\"\"\/><\/figure>\n\n\n\n<h3 class=\"wp-block-heading\" style=\"margin-top:24px;font-size:20px;line-height:1.5\">Verantwortlichkeiten der Benutzer<\/h3>\n\n\n\n<p class=\"has-small-font-size\" style=\"margin-top:8px\">Verstehen Sie Ihre Verpflichtungen und wie Sie unsere Dienste verantwortungsbewusst nutzen k\u00f6nnen.<\/p>\n\n\n\n<div class=\"wp-block-buttons is-content-justification-left is-layout-flex wp-container-core-buttons-is-layout-fdcfc74e wp-block-buttons-is-layout-flex\">\n<div class=\"wp-block-button\"><a class=\"wp-block-button__link has-small-font-size has-custom-font-size wp-element-button\" href=\"#\">Details lesen<\/a><\/div>\n<\/div>\n<\/div><\/div>\n<\/div>\n\n\n\n<div class=\"wp-block-column is-layout-flow wp-block-column-is-layout-flow\">\n<div class=\"wp-block-group has-tertiary-background-color has-background\" style=\"border-radius:4px;min-height:100%;padding-top:var(--wp--preset--spacing--30);padding-right:var(--wp--preset--spacing--30);padding-bottom:var(--wp--preset--spacing--30);padding-left:var(--wp--preset--spacing--30)\"><div class=\"wp-block-group__inner-container is-layout-constrained wp-container-core-group-is-layout-0cc5ead4 wp-block-group-is-layout-constrained\">\n<figure class=\"wp-block-image size-large ext-aspect-landscape extendify-image-import wp-duotone-varpresetduotoneprimary-foreground-2\"><img decoding=\"async\" src=\"data:image\/svg+xml;base64,PHN2ZyB4bWxucz0iaHR0cDovL3d3dy53My5vcmcvMjAwMC9zdmciIHdpZHRoPSI0OCIgaGVpZ2h0PSI0OCIgZmlsbD0ibm9uZSIgdmlld0JveD0iMCAwIDQ4IDQ4Ij48bWFzayBpZD0iYSIgd2lkdGg9IjQ4IiBoZWlnaHQ9IjQ4IiB4PSIwIiB5PSIwIiBtYXNrVW5pdHM9InVzZXJTcGFjZU9uVXNlIiBzdHlsZT0ibWFzay10eXBlOmFscGhhIj48cGF0aCBmaWxsPSIjRDlEOUQ5IiBkPSJNMCAwaDQ4djQ4SDB6Ii8+PC9tYXNrPjxnIG1hc2s9InVybCgjYSkiPjxwYXRoIGZpbGw9IiMxQzFCMUYiIGQ9Ik0xNS45NSAzNS41aDE2LjF2LTNoLTE2LjF2M1ptMC04LjVoMTYuMXYtM2gtMTYuMXYzWk0xMSA0NGMtLjggMC0xLjUtLjMtMi4xLS45LS42LS42LS45LTEuMy0uOS0yLjFWN2MwLS44LjMtMS41LjktMi4xLjYtLjYgMS4zLS45IDIuMS0uOWgxOC4wNUw0MCAxNC45NVY0MWMwIC44LS4zIDEuNS0uOSAyLjEtLjYuNi0xLjMuOS0yLjEuOUgxMVptMTYuNTUtMjcuN1Y3SDExdjM0aDI2VjE2LjNoLTkuNDVaIi8+PC9nPjwvc3ZnPg==\" alt=\"\"\/><\/figure>\n\n\n\n<h3 class=\"wp-block-heading\" style=\"margin-top:24px;font-size:20px;line-height:1.5\">Geistiges Eigentum<\/h3>\n\n\n\n<p class=\"has-small-font-size\" style=\"margin-top:8px\">Informieren Sie sich \u00fcber Eigentumsrechte und Einschr\u00e4nkungen in Bezug auf den Inhalt der Website.<\/p>\n\n\n\n<div class=\"wp-block-buttons is-content-justification-left is-layout-flex wp-container-core-buttons-is-layout-fdcfc74e wp-block-buttons-is-layout-flex\">\n<div class=\"wp-block-button\"><a class=\"wp-block-button__link has-small-font-size has-custom-font-size wp-element-button\" href=\"#\">Details lesen<\/a><\/div>\n<\/div>\n<\/div><\/div>\n<\/div>\n\n\n\n<div class=\"wp-block-column is-layout-flow wp-block-column-is-layout-flow\">\n<div class=\"wp-block-group has-tertiary-background-color has-background\" style=\"border-radius:4px;min-height:100%;padding-top:var(--wp--preset--spacing--30);padding-right:var(--wp--preset--spacing--30);padding-bottom:var(--wp--preset--spacing--30);padding-left:var(--wp--preset--spacing--30)\"><div class=\"wp-block-group__inner-container is-layout-constrained wp-container-core-group-is-layout-0cc5ead4 wp-block-group-is-layout-constrained\">\n<figure class=\"wp-block-image size-large ext-aspect-landscape extendify-image-import wp-duotone-varpresetduotoneprimary-foreground-3\"><img decoding=\"async\" src=\"data:image\/svg+xml;base64,PHN2ZyB4bWxucz0iaHR0cDovL3d3dy53My5vcmcvMjAwMC9zdmciIHdpZHRoPSI0OCIgaGVpZ2h0PSI0OCIgZmlsbD0ibm9uZSIgdmlld0JveD0iMCAwIDQ4IDQ4Ij48bWFzayBpZD0iYSIgd2lkdGg9IjQ4IiBoZWlnaHQ9IjQ4IiB4PSIwIiB5PSIwIiBtYXNrVW5pdHM9InVzZXJTcGFjZU9uVXNlIiBzdHlsZT0ibWFzay10eXBlOmFscGhhIj48cGF0aCBmaWxsPSIjRDlEOUQ5IiBkPSJNMCAwaDQ4djQ4SDB6Ii8+PC9tYXNrPjxnIG1hc2s9InVybCgjYSkiPjxwYXRoIGZpbGw9IiMxQzFCMUYiIGQ9Ik0xNS45NSAzNS41aDE2LjF2LTNoLTE2LjF2M1ptMC04LjVoMTYuMXYtM2gtMTYuMXYzWk0xMSA0NGMtLjggMC0xLjUtLjMtMi4xLS45LS42LS42LS45LTEuMy0uOS0yLjFWN2MwLS44LjMtMS41LjktMi4xLjYtLjYgMS4zLS45IDIuMS0uOWgxOC4wNUw0MCAxNC45NVY0MWMwIC44LS4zIDEuNS0uOSAyLjEtLjYuNi0xLjMuOS0yLjEuOUgxMVptMTYuNTUtMjcuN1Y3SDExdjM0aDI2VjE2LjNoLTkuNDVaIi8+PC9nPjwvc3ZnPg==\" alt=\"\"\/><\/figure>\n\n\n\n<h3 class=\"wp-block-heading\" style=\"margin-top:24px;font-size:20px;line-height:1.5\">Datenschutzbestimmungen<\/h3>\n\n\n\n<p class=\"has-small-font-size\" style=\"margin-top:8px\">\u00dcberpr\u00fcfen Sie, wie Ihre Daten auf unserer Plattform gesammelt, verwendet und gesch\u00fctzt werden.<\/p>\n\n\n\n<div class=\"wp-block-buttons is-content-justification-left is-layout-flex wp-container-core-buttons-is-layout-fdcfc74e wp-block-buttons-is-layout-flex\">\n<div class=\"wp-block-button\"><a class=\"wp-block-button__link has-small-font-size has-custom-font-size wp-element-button\" href=\"#\">Details lesen<\/a><\/div>\n<\/div>\n<\/div><\/div>\n<\/div>\n<\/div>\n<\/div><\/div>\n\n<div class=\"wp-block-group alignfull has-tertiary-background-color has-background\" style=\"margin-top:0;margin-bottom:0;padding-top:var(--wp--preset--spacing--60);padding-right:var(--wp--preset--spacing--30);padding-bottom:var(--wp--preset--spacing--60);padding-left:var(--wp--preset--spacing--30)\"><div class=\"wp-block-group__inner-container is-layout-constrained wp-container-core-group-is-layout-392eb801 wp-block-group-is-layout-constrained\">\n<div class=\"wp-block-group alignwide has-background-background-color has-background is-content-justification-space-between is-layout-flex wp-container-core-group-is-layout-1614da31 wp-block-group-is-layout-flex\" style=\"padding-top:var(--wp--preset--spacing--50);padding-right:var(--wp--preset--spacing--50);padding-bottom:var(--wp--preset--spacing--50);padding-left:var(--wp--preset--spacing--50)\">\n<div class=\"wp-block-group\"><div class=\"wp-block-group__inner-container is-layout-constrained wp-block-group-is-layout-constrained\">\n<h2 class=\"wp-block-heading has-large-font-size\">Lesen Sie unsere Servicebedingungen<\/h2>\n\n\n\n<p style=\"margin-top:16px\">Auf dieser Seite werden die Bedingungen f\u00fcr die Nutzung der Website dargelegt, um Klarheit und gegenseitiges Verst\u00e4ndnis zwischen der Plattform und ihren Nutzern zu gew\u00e4hrleisten.<\/p>\n<\/div><\/div>\n\n\n\n<div class=\"wp-block-buttons is-content-justification-left is-layout-flex wp-container-core-buttons-is-layout-0934dcb1 wp-block-buttons-is-layout-flex\">\n<div class=\"wp-block-button\"><a class=\"wp-block-button__link wp-element-button\" href=\"#\">Begriffe \u00dcbersicht<\/a><\/div>\n<\/div>\n<\/div>\n<\/div><\/div>\n","protected":false},"excerpt":{"rendered":"<p>Verstehen Sie die Bedingungen f\u00fcr Ihre Nutzung dieser Website Auf dieser Seite werden die Bedingungen f\u00fcr die Nutzung der Website dargelegt, um Klarheit und gegenseitiges Verst\u00e4ndnis zwischen der Plattform und ihren Nutzern zu gew\u00e4hrleisten. Wie lauten die Nutzungsbedingungen f\u00fcr die Nutzung dieser Website? In diesem Abschnitt werden die wichtigsten Bedingungen und Konditionen erl\u00e4utert, um sicherzustellen, [&hellip;]<\/p>\n","protected":false},"author":1,"featured_media":0,"parent":0,"menu_order":0,"comment_status":"closed","ping_status":"closed","template":"","meta":{"footnotes":""},"class_list":["post-15285","page","type-page","status-publish","has-post-thumbnail","hentry"],"ams_acf":[],"_links":{"self":[{"href":"https:\/\/odaimos.mtsdevelopers.com\/de\/wp-json\/wp\/v2\/pages\/15285","targetHints":{"allow":["GET"]}}],"collection":[{"href":"https:\/\/odaimos.mtsdevelopers.com\/de\/wp-json\/wp\/v2\/pages"}],"about":[{"href":"https:\/\/odaimos.mtsdevelopers.com\/de\/wp-json\/wp\/v2\/types\/page"}],"author":[{"embeddable":true,"href":"https:\/\/odaimos.mtsdevelopers.com\/de\/wp-json\/wp\/v2\/users\/1"}],"replies":[{"embeddable":true,"href":"https:\/\/odaimos.mtsdevelopers.com\/de\/wp-json\/wp\/v2\/comments?post=15285"}],"version-history":[{"count":0,"href":"https:\/\/odaimos.mtsdevelopers.com\/de\/wp-json\/wp\/v2\/pages\/15285\/revisions"}],"wp:attachment":[{"href":"https:\/\/odaimos.mtsdevelopers.com\/de\/wp-json\/wp\/v2\/media?parent=15285"}],"curies":[{"name":"wp","href":"https:\/\/api.w.org\/{rel}","templated":true}]}}